{"id":289363,"date":"2020-12-16T17:07:58","date_gmt":"2020-12-16T17:07:58","guid":{"rendered":"https:\/\/norsan.cz\/moj-ucet-2\/"},"modified":"2020-12-16T17:07:58","modified_gmt":"2020-12-16T17:07:58","slug":"moj-ucet-2","status":"publish","type":"page","link":"https:\/\/norsan.cz\/sk\/moj-ucet-2\/","title":{"rendered":"M\u00f4j \u00fa\u010det"},"content":{"rendered":"<div class=\"woocommerce\"><\/div>\n","protected":false},"excerpt":{"rendered":"","protected":false},"author":1,"featured_media":0,"parent":0,"menu_order":0,"comment_status":"closed","ping_status":"closed","template":"","meta":{"_acf_changed":false,"_et_pb_use_builder":"off","_et_pb_old_content":"","_et_gb_content_width":"","footnotes":""},"class_list":["post-289363","page","type-page","status-publish","hentry"],"acf":[],"yoast_head":"<!-- This site is optimized with the Yoast SEO plugin v27.3 - https:\/\/yoast.com\/product\/yoast-seo-wordpress\/ -->\n<title>M\u00f4j \u00fa\u010det - NORSAN \u010cesk\u00e1 republika<\/title>\n<meta name=\"robots\" content=\"noindex, nofollow\" \/>\n<meta property=\"og:locale\" content=\"sk_SK\" \/>\n<meta property=\"og:type\" content=\"article\" \/>\n<meta property=\"og:title\" content=\"M\u00f4j \u00fa\u010det - NORSAN \u010cesk\u00e1 republika\" \/>\n<meta property=\"og:url\" content=\"https:\/\/norsan.cz\/sk\/moj-ucet-2\/\" \/>\n<meta property=\"og:site_name\" content=\"NORSAN \u010cesk\u00e1 republika\" \/>\n<meta property=\"article:publisher\" content=\"https:\/\/www.facebook.com\/norsan.cz\/\" \/>\n<meta name=\"twitter:card\" content=\"summary_large_image\" \/>\n<script type=\"application\/ld+json\" class=\"yoast-schema-graph\">{\"@context\":\"https:\\\/\\\/schema.org\",\"@graph\":[{\"@type\":\"WebPage\",\"@id\":\"https:\\\/\\\/norsan.cz\\\/sk\\\/moj-ucet-2\\\/\",\"url\":\"https:\\\/\\\/norsan.cz\\\/sk\\\/moj-ucet-2\\\/\",\"name\":\"M\u00f4j \u00fa\u010det - NORSAN \u010cesk\u00e1 republika\",\"isPartOf\":{\"@id\":\"https:\\\/\\\/norsan.cz\\\/sk\\\/#website\"},\"datePublished\":\"2020-12-16T17:07:58+00:00\",\"breadcrumb\":{\"@id\":\"https:\\\/\\\/norsan.cz\\\/sk\\\/moj-ucet-2\\\/#breadcrumb\"},\"inLanguage\":\"sk-SK\",\"potentialAction\":[{\"@type\":\"ReadAction\",\"target\":[\"https:\\\/\\\/norsan.cz\\\/sk\\\/moj-ucet-2\\\/\"]}]},{\"@type\":\"BreadcrumbList\",\"@id\":\"https:\\\/\\\/norsan.cz\\\/sk\\\/moj-ucet-2\\\/#breadcrumb\",\"itemListElement\":[{\"@type\":\"ListItem\",\"position\":1,\"name\":\"Home\",\"item\":\"https:\\\/\\\/norsan.cz\\\/sk\\\/no-1-omega-3-brand\\\/\"},{\"@type\":\"ListItem\",\"position\":2,\"name\":\"M\u00f4j \u00fa\u010det\"}]},{\"@type\":\"WebSite\",\"@id\":\"https:\\\/\\\/norsan.cz\\\/sk\\\/#website\",\"url\":\"https:\\\/\\\/norsan.cz\\\/sk\\\/\",\"name\":\"NORSAN CZ\",\"description\":\"Specialista na omega-3\",\"publisher\":{\"@id\":\"https:\\\/\\\/norsan.cz\\\/sk\\\/#organization\"},\"potentialAction\":[{\"@type\":\"SearchAction\",\"target\":{\"@type\":\"EntryPoint\",\"urlTemplate\":\"https:\\\/\\\/norsan.cz\\\/sk\\\/?s={search_term_string}\"},\"query-input\":{\"@type\":\"PropertyValueSpecification\",\"valueRequired\":true,\"valueName\":\"search_term_string\"}}],\"inLanguage\":\"sk-SK\"},{\"@type\":\"Organization\",\"@id\":\"https:\\\/\\\/norsan.cz\\\/sk\\\/#organization\",\"name\":\"NORSAN \u010cesk\u00e1 republika\",\"url\":\"https:\\\/\\\/norsan.cz\\\/sk\\\/\",\"logo\":{\"@type\":\"ImageObject\",\"inLanguage\":\"sk-SK\",\"@id\":\"https:\\\/\\\/norsan.cz\\\/sk\\\/#\\\/schema\\\/logo\\\/image\\\/\",\"url\":\"https:\\\/\\\/norsan.cz\\\/wp-content\\\/uploads\\\/2022\\\/04\\\/2-g-omega-3-dziennie-12.png\",\"contentUrl\":\"https:\\\/\\\/norsan.cz\\\/wp-content\\\/uploads\\\/2022\\\/04\\\/2-g-omega-3-dziennie-12.png\",\"width\":500,\"height\":500,\"caption\":\"NORSAN \u010cesk\u00e1 republika\"},\"image\":{\"@id\":\"https:\\\/\\\/norsan.cz\\\/sk\\\/#\\\/schema\\\/logo\\\/image\\\/\"},\"sameAs\":[\"https:\\\/\\\/www.facebook.com\\\/norsan.cz\\\/\"]}]}<\/script>\n<!-- \/ Yoast SEO plugin. -->","yoast_head_json":{"title":"M\u00f4j \u00fa\u010det - NORSAN \u010cesk\u00e1 republika","robots":{"index":"noindex","follow":"nofollow"},"og_locale":"sk_SK","og_type":"article","og_title":"M\u00f4j \u00fa\u010det - NORSAN \u010cesk\u00e1 republika","og_url":"https:\/\/norsan.cz\/sk\/moj-ucet-2\/","og_site_name":"NORSAN \u010cesk\u00e1 republika","article_publisher":"https:\/\/www.facebook.com\/norsan.cz\/","twitter_card":"summary_large_image","schema":{"@context":"https:\/\/schema.org","@graph":[{"@type":"WebPage","@id":"https:\/\/norsan.cz\/sk\/moj-ucet-2\/","url":"https:\/\/norsan.cz\/sk\/moj-ucet-2\/","name":"M\u00f4j \u00fa\u010det - NORSAN \u010cesk\u00e1 republika","isPartOf":{"@id":"https:\/\/norsan.cz\/sk\/#website"},"datePublished":"2020-12-16T17:07:58+00:00","breadcrumb":{"@id":"https:\/\/norsan.cz\/sk\/moj-ucet-2\/#breadcrumb"},"inLanguage":"sk-SK","potentialAction":[{"@type":"ReadAction","target":["https:\/\/norsan.cz\/sk\/moj-ucet-2\/"]}]},{"@type":"BreadcrumbList","@id":"https:\/\/norsan.cz\/sk\/moj-ucet-2\/#breadcrumb","itemListElement":[{"@type":"ListItem","position":1,"name":"Home","item":"https:\/\/norsan.cz\/sk\/no-1-omega-3-brand\/"},{"@type":"ListItem","position":2,"name":"M\u00f4j \u00fa\u010det"}]},{"@type":"WebSite","@id":"https:\/\/norsan.cz\/sk\/#website","url":"https:\/\/norsan.cz\/sk\/","name":"NORSAN CZ","description":"Specialista na omega-3","publisher":{"@id":"https:\/\/norsan.cz\/sk\/#organization"},"potentialAction":[{"@type":"SearchAction","target":{"@type":"EntryPoint","urlTemplate":"https:\/\/norsan.cz\/sk\/?s={search_term_string}"},"query-input":{"@type":"PropertyValueSpecification","valueRequired":true,"valueName":"search_term_string"}}],"inLanguage":"sk-SK"},{"@type":"Organization","@id":"https:\/\/norsan.cz\/sk\/#organization","name":"NORSAN \u010cesk\u00e1 republika","url":"https:\/\/norsan.cz\/sk\/","logo":{"@type":"ImageObject","inLanguage":"sk-SK","@id":"https:\/\/norsan.cz\/sk\/#\/schema\/logo\/image\/","url":"https:\/\/norsan.cz\/wp-content\/uploads\/2022\/04\/2-g-omega-3-dziennie-12.png","contentUrl":"https:\/\/norsan.cz\/wp-content\/uploads\/2022\/04\/2-g-omega-3-dziennie-12.png","width":500,"height":500,"caption":"NORSAN \u010cesk\u00e1 republika"},"image":{"@id":"https:\/\/norsan.cz\/sk\/#\/schema\/logo\/image\/"},"sameAs":["https:\/\/www.facebook.com\/norsan.cz\/"]}]}},"_links":{"self":[{"href":"https:\/\/norsan.cz\/sk\/wp-json\/wp\/v2\/pages\/289363","targetHints":{"allow":["GET"]}}],"collection":[{"href":"https:\/\/norsan.cz\/sk\/wp-json\/wp\/v2\/pages"}],"about":[{"href":"https:\/\/norsan.cz\/sk\/wp-json\/wp\/v2\/types\/page"}],"author":[{"embeddable":true,"href":"https:\/\/norsan.cz\/sk\/wp-json\/wp\/v2\/users\/1"}],"replies":[{"embeddable":true,"href":"https:\/\/norsan.cz\/sk\/wp-json\/wp\/v2\/comments?post=289363"}],"version-history":[{"count":0,"href":"https:\/\/norsan.cz\/sk\/wp-json\/wp\/v2\/pages\/289363\/revisions"}],"wp:attachment":[{"href":"https:\/\/norsan.cz\/sk\/wp-json\/wp\/v2\/media?parent=289363"}],"curies":[{"name":"wp","href":"https:\/\/api.w.org\/{rel}","templated":true}]}}