{"id":289360,"date":"2025-11-24T10:29:43","date_gmt":"2025-11-24T10:29:43","guid":{"rendered":"https:\/\/norsan.cz\/?page_id=289360"},"modified":"2025-11-24T10:30:04","modified_gmt":"2025-11-24T10:30:04","slug":"index-omega-3-meranie","status":"publish","type":"page","link":"https:\/\/norsan.cz\/sk\/index-omega-3-meranie\/","title":{"rendered":"Index omega-3 meranie"},"content":{"rendered":"<p>[et_pb_section fb_built=&#8220;1&#8243; admin_label=&#8220;Banner: The effect of omega-3 fatty acids on our health&#8220; _builder_version=&#8220;4.27.4&#8243; _module_preset=&#8220;25119904-6158-4eb7-8505-f8bfface8e2e&#8220; background_color=&#8220;#5F99BF&#8220; background_color_gradient_direction_radial=&#8220;left&#8220; background_image=&#8220;https:\/\/norsan.cz\/wp-content\/uploads\/2025\/07\/Gleichgewicht-Omega-3-und-Omega-6-Fettsauren-im-Korper.jpg&#8220; background_position=&#8220;center&#8220; min_height=&#8220;350px&#8220; background_last_edited=&#8220;on|tablet&#8220; use_background_color_gradient_tablet=&#8220;on&#8220; background_color_gradient_direction_radial_tablet=&#8220;center&#8220; background_color_gradient_stops_tablet=&#8220;rgba(0,0,0,0.55) 0%|rgba(0,0,0,0) 100%&#8220; background_color_gradient_start_tablet=&#8220;rgba(0,0,0,0.55)&#8220; background_color_gradient_end_tablet=&#8220;rgba(0,0,0,0)&#8220; custom_css_free_form=&#8220;selector{||  display: flex;||}&#8220; locked=&#8220;off&#8220; global_colors_info=&#8220;{}&#8220;][et_pb_row _builder_version=&#8220;4.27.4&#8243; _module_preset=&#8220;default&#8220; z_index=&#8220;100000&#8243; custom_margin=&#8220;auto||auto||false|false&#8220; global_colors_info=&#8220;{}&#8220;][et_pb_column type=&#8220;4_4&#8243; _builder_version=&#8220;4.16&#8243; _module_preset=&#8220;default&#8220; global_colors_info=&#8220;{}&#8220;][et_pb_text _builder_version=&#8220;4.27.4&#8243; _module_preset=&#8220;f8e0969b-e382-45f8-bc08-47870413355a&#8220; header_4_font=&#8220;|300|||||||&#8220; background_layout=&#8220;dark&#8220; global_colors_info=&#8220;{}&#8220;]<\/p>\n<div class=\"mainbox page1 bs  \">\n<div class=\"inbox \">\n<h1 style=\"text-align: center;\">ZM\u011a\u0158TE SI SV\u016eJ INDEX OMEGA-3<\/h1>\n<\/div>\n<\/div>\n<p>[\/et_pb_text][\/et_pb_column][\/et_pb_row][\/et_pb_section][et_pb_section fb_built=&#8220;1&#8243; _builder_version=&#8220;4.27.4&#8243; _module_preset=&#8220;default&#8220; global_colors_info=&#8220;{}&#8220;][et_pb_row _builder_version=&#8220;4.27.4&#8243; _module_preset=&#8220;default&#8220; global_colors_info=&#8220;{}&#8220;][et_pb_column type=&#8220;4_4&#8243; _builder_version=&#8220;4.27.4&#8243; _module_preset=&#8220;default&#8220; global_colors_info=&#8220;{}&#8220;][et_pb_text _builder_version=&#8220;4.27.4&#8243; _module_preset=&#8220;default&#8220; global_colors_info=&#8220;{}&#8220;]<\/p>\n<div class=\"mainbox semibox1 noline\">\n<div class=\"inbox \">\n<div class=\"norsan_classic_content\">\n<h2>Zdravotn\u00ed p\u0159\u00edstup spole\u010dnosti NORSAN je zalo\u017een na diagnostick\u00e9 metod\u011b, kter\u00e1 tvo\u0159\u00ed jeho kl\u00ed\u010dov\u00fd prvek. Tento p\u0159\u00edstup zahrnuje m\u011b\u0159en\u00ed, anal\u00fdzu a regulaci omega-3 mastn\u00fdch kyselin, co\u017e je charakteristick\u00e9 pro na\u0161i holistickou koncepci. D\u00edky tomuto p\u0159\u00edstupu jsme hrd\u00fdmi pr\u016fkopn\u00edky v efektivn\u00edm zvy\u0161ov\u00e1n\u00ed omega-3 indexu v populaci.<\/h2>\n<\/div>\n<\/div>\n<\/div>\n<p>[\/et_pb_text][\/et_pb_column][\/et_pb_row][et_pb_row column_structure=&#8220;1_2,1_2&#8243; _builder_version=&#8220;4.27.4&#8243; _module_preset=&#8220;default&#8220; global_colors_info=&#8220;{}&#8220;][et_pb_column type=&#8220;1_2&#8243; _builder_version=&#8220;4.27.4&#8243; _module_preset=&#8220;default&#8220; global_colors_info=&#8220;{}&#8220;][et_pb_text _builder_version=&#8220;4.27.4&#8243; _module_preset=&#8220;default&#8220; global_colors_info=&#8220;{}&#8220;]<\/p>\n<div class=\"column_row norsan_classic_content  \">\n<h3>V \u010dem spo\u010d\u00edv\u00e1 anal\u00fdza mastn\u00fdch kyselin?<\/h3>\n<p data-start=\"0\" data-end=\"324\">Anal\u00fdza mastn\u00fdch kyselin umo\u017e\u0148uje zm\u011b\u0159it individu\u00e1ln\u00ed stav z\u00e1soben\u00ed organismu mastn\u00fdmi kyselinami. Analyzuje se vzorec mastn\u00fdch kyselin v membr\u00e1n\u00e1ch erytrocyt\u016f, aby test poskytl informace o jejich p\u0159\u00edjmu za posledn\u00edch 60\u201390 dn\u00ed. Celkem se m\u011b\u0159\u00ed 26 mastn\u00fdch kyselin, co\u017e odpov\u00edd\u00e1 v\u00edce ne\u017e 99 % v\u0161ech mastn\u00fdch kyselin v t\u011ble. <span style=\"font-size: 18px;\">Z m\u011b\u0159en\u00fdch hodnot m\u00e1 v prevenci a l\u00e9\u010db\u011b onemocn\u011bn\u00ed zvl\u00e1\u0161tn\u00ed v\u00fdznam zejm\u00e9na HS-Omega-3 Index, mimo jin\u00e9 kv\u016fli srde\u010dn\u00edm onemocn\u011bn\u00edm a chronick\u00fdm z\u00e1n\u011btliv\u00fdm chorob\u00e1m. <\/span><span style=\"font-size: 18px;\">Anal\u00fdza je prov\u00e1d\u011bna pomoc\u00ed standardizovan\u00e9ho a kvalitativn\u011b zaru\u010den\u00e9ho postupu v laborato\u0159i Omegametrix GmbH, kter\u00e1 je p\u0159edn\u00edm a nez\u00e1visl\u00fdm specializovan\u00fdm laborato\u0159\u00ed pro anal\u00fdzu mastn\u00fdch kyselin v Evrop\u011b.<\/span><\/p>\n<\/div>\n<div class=\"column_row norsan_classic_content  \">\u00a0<\/div>\n<p>[\/et_pb_text][\/et_pb_column][et_pb_column type=&#8220;1_2&#8243; _builder_version=&#8220;4.27.4&#8243; _module_preset=&#8220;default&#8220; global_colors_info=&#8220;{}&#8220;][et_pb_image src=&#8220;https:\/\/norsan.cz\/wp-content\/uploads\/2025\/11\/omega-3-metrics.png&#8220; title_text=&#8220;omega 3 metrics&#8220; align=&#8220;center&#8220; _builder_version=&#8220;4.27.4&#8243; _module_preset=&#8220;default&#8220; max_height=&#8220;500px&#8220; global_colors_info=&#8220;{}&#8220;][\/et_pb_image][\/et_pb_column][\/et_pb_row][et_pb_row column_structure=&#8220;1_2,1_2&#8243; _builder_version=&#8220;4.27.4&#8243; _module_preset=&#8220;default&#8220; global_colors_info=&#8220;{}&#8220;][et_pb_column type=&#8220;1_2&#8243; _builder_version=&#8220;4.27.4&#8243; _module_preset=&#8220;default&#8220; global_colors_info=&#8220;{}&#8220;][et_pb_text _builder_version=&#8220;4.27.4&#8243; _module_preset=&#8220;default&#8220; global_colors_info=&#8220;{}&#8220;]<\/p>\n<h3>Jak mohu prov\u00e9st anal\u00fdzu?<\/h3>\n<p>Anal\u00fdza mastn\u00fdch kyselin je b\u011b\u017en\u00e1 laboratorn\u00ed slu\u017eba, kterou m\u016f\u017ee prov\u00e9st l\u00e9ka\u0159 nebo terapeut (\u010dasto ozna\u010dovan\u00e1 jako \u201eprofil mastn\u00fdch kyselin\u201c). Po odesl\u00e1n\u00ed vzorku krve do laborato\u0159e obdr\u017e\u00edte v\u00fdsledky zhruba do 10 dn\u016f.<\/p>\n<p><strong>Anal\u00fdzu mastn\u00fdch kyselin lze prov\u00e9st tak\u00e9 formou autotestu. Testovac\u00ed sady jsou k dispozici v l\u00e9k\u00e1rn\u00e1ch nebo online (anal\u00fdza mastn\u00fdch kyselin NORSAN).<\/strong><\/p>\n<p>[\/et_pb_text][\/et_pb_column][et_pb_column type=&#8220;1_2&#8243; _builder_version=&#8220;4.27.4&#8243; _module_preset=&#8220;default&#8220; global_colors_info=&#8220;{}&#8220;][et_pb_text _builder_version=&#8220;4.27.4&#8243; _module_preset=&#8220;default&#8220; text_text_color=&#8220;#FFFFFF&#8220; header_4_text_color=&#8220;#FFFFFF&#8220; background_color=&#8220;#005b97&#8243; custom_margin_tablet=&#8220;&#8220; custom_margin_phone=&#8220;&#8220; custom_margin_last_edited=&#8220;on|phone&#8220; custom_padding=&#8220;30px|40px|30px|40px|true|true&#8220; custom_padding_tablet=&#8220;15px|20px|15px|20px|true|true&#8220; custom_padding_phone=&#8220;15px|20px|15px|20px|true|true&#8220; custom_padding_last_edited=&#8220;on|tablet&#8220; global_colors_info=&#8220;{}&#8220;]<\/p>\n<h4>Co se m\u011b\u0159\u00ed?<\/h4>\n<ul>\n<li>Index Omega-3<\/li>\n<li>Pom\u011br Omega 6\/3<\/li>\n<li>\u00darovn\u011b trans-mastn\u00fdch kyselin<\/li>\n<li>Celkem 26 mastn\u00fdch kyselin<\/li>\n<\/ul>\n<p>[\/et_pb_text][\/et_pb_column][\/et_pb_row][et_pb_row _builder_version=&#8220;4.27.4&#8243; _module_preset=&#8220;default&#8220; global_colors_info=&#8220;{}&#8220;][et_pb_column type=&#8220;4_4&#8243; _builder_version=&#8220;4.27.4&#8243; _module_preset=&#8220;default&#8220; global_colors_info=&#8220;{}&#8220;][et_pb_shop type=&#8220;latest&#8220; posts_number=&#8220;5&#8243; columns_number=&#8220;5&#8243; _builder_version=&#8220;4.27.4&#8243; _module_preset=&#8220;default&#8220; global_colors_info=&#8220;{}&#8220;][\/et_pb_shop][et_pb_button button_url=&#8220;https:\/\/norsan.cz\/produkty\/&#8220; button_text=&#8220;Zobrazit v\u00edce&#8220; button_alignment=&#8220;center&#8220; _builder_version=&#8220;4.27.4&#8243; _module_preset=&#8220;default&#8220; global_colors_info=&#8220;{}&#8220;][\/et_pb_button][et_pb_image src=&#8220;https:\/\/norsan.cz\/wp-content\/uploads\/2025\/11\/Zjistete-3.png&#8220; title_text=&#8220;Zjist\u011bte (3)&#8220; _builder_version=&#8220;4.27.4&#8243; _module_preset=&#8220;default&#8220; custom_margin=&#8220;100px||||false|false&#8220; custom_margin_tablet=&#8220;100px||||false|false&#8220; custom_margin_phone=&#8220;50px||||false|false&#8220; custom_margin_last_edited=&#8220;on|phone&#8220; global_colors_info=&#8220;{}&#8220;][\/et_pb_image][\/et_pb_column][\/et_pb_row][et_pb_row column_structure=&#8220;1_2,1_2&#8243; _builder_version=&#8220;4.27.4&#8243; _module_preset=&#8220;default&#8220; global_colors_info=&#8220;{}&#8220;][et_pb_column type=&#8220;1_2&#8243; _builder_version=&#8220;4.27.4&#8243; _module_preset=&#8220;default&#8220; global_colors_info=&#8220;{}&#8220;][et_pb_text _builder_version=&#8220;4.27.4&#8243; _module_preset=&#8220;default&#8220; global_colors_info=&#8220;{}&#8220;]<\/p>\n<p><strong>Jak prov\u00e9st anal\u00fdzu doma?<\/strong><\/p>\n<p>1. Odb\u011br krve: Prop\u00edchn\u011bte prst pomoc\u00ed p\u0159ilo\u017een\u00e9 mal\u00e9 jehly<br data-start=\"63\" data-end=\"66\" \/>a um\u00edst\u011bte 2 kapky krve na testovac\u00ed pap\u00edr.<\/p>\n<p>2. Odesl\u00e1n\u00ed vhozen\u00edm do schr\u00e1nky nebo na pobo\u010dce \u010cesk\u00e9 po\u0161ty.<br data-start=\"178\" data-end=\"181\" \/>P\u0159edplacen\u00e1 ob\u00e1lka je sou\u010d\u00e1st\u00ed testovac\u00ed sady.<\/p>\n<p>3. Doru\u010den\u00ed v\u00fdsledk\u016f: Po 10\u201314 pracovn\u00edch dnech obdr\u017e\u00edte v\u00fdsledky osobn\u00ed anal\u00fdzy obsahuj\u00edc\u00ed souhrn a doporu\u010den\u00ed.<br data-start=\"377\" data-end=\"380\" \/>Zde si m\u016f\u017eete prohl\u00e9dnout p\u0159\u00edklady hodnocen\u00ed s relativn\u011b dobr\u00fdmi a relativn\u011b \u0161patn\u00fdmi hodnotami.<\/p>\n<p>[\/et_pb_text][\/et_pb_column][et_pb_column type=&#8220;1_2&#8243; _builder_version=&#8220;4.27.4&#8243; _module_preset=&#8220;default&#8220; global_colors_info=&#8220;{}&#8220;][et_pb_image src=&#8220;https:\/\/norsan.cz\/wp-content\/uploads\/2025\/07\/DE_20210316_FS_Analyse_FS_KIT-1063&#215;1063-1.webp&#8220; title_text=&#8220;DE_20210316_FS_Analyse_FS_KIT-1063&#215;1063-1&#8243; align=&#8220;center&#8220; _builder_version=&#8220;4.27.4&#8243; _module_preset=&#8220;default&#8220; max_height=&#8220;400px&#8220; global_colors_info=&#8220;{}&#8220;][\/et_pb_image][\/et_pb_column][\/et_pb_row][et_pb_row column_structure=&#8220;1_2,1_2&#8243; _builder_version=&#8220;4.27.4&#8243; _module_preset=&#8220;default&#8220; global_colors_info=&#8220;{}&#8220;][et_pb_column type=&#8220;1_2&#8243; _builder_version=&#8220;4.27.4&#8243; _module_preset=&#8220;default&#8220; global_colors_info=&#8220;{}&#8220;][et_pb_image src=&#8220;https:\/\/norsan.cz\/wp-content\/uploads\/2025\/11\/Untitled-1740-x-1400-px-1740-x-1300-px.png&#8220; title_text=&#8220;Untitled (1740 x 1400 px) (1740 x 1300 px)&#8220; _builder_version=&#8220;4.27.4&#8243; _module_preset=&#8220;default&#8220; global_colors_info=&#8220;{}&#8220;][\/et_pb_image][et_pb_button button_url=&#8220;https:\/\/norsan.cz\/wp-content\/uploads\/2025\/11\/CZ_20251014_DinA7_Zickzack_8S_Print3mm-1.pdf&#8220; button_text=&#8220;Instrukce ve form\u00e1tu PDF&#8220; _builder_version=&#8220;4.27.4&#8243; _module_preset=&#8220;default&#8220; button_bg_color=&#8220;#004272&#8243; button_border_color=&#8220;#004272&#8243; global_colors_info=&#8220;{}&#8220;][\/et_pb_button][\/et_pb_column][et_pb_column type=&#8220;1_2&#8243; _builder_version=&#8220;4.27.4&#8243; _module_preset=&#8220;default&#8220; global_colors_info=&#8220;{}&#8220;][et_pb_text _builder_version=&#8220;4.27.4&#8243; _module_preset=&#8220;default&#8220; background_color=&#8220;#f5f5f5&#8243; custom_padding=&#8220;30px|40px|30px|40px|true|true&#8220; custom_padding_tablet=&#8220;30px|40px|30px|40px|true|true&#8220; custom_padding_phone=&#8220;15px|20px|15px|20px|true|true&#8220; custom_padding_last_edited=&#8220;on|phone&#8220; global_colors_info=&#8220;{}&#8220;]<\/p>\n<ul>\n<li>Vzorek krve je t\u0159eba odebrat nala\u010dno.<\/li>\n<li>24 hodin p\u0159ed odb\u011brem krve neu\u017e\u00edvejte ryb\u00ed olej \/ olej z \u0159as.<\/li>\n<li>Umyjte si ruce teplou vodou.<\/li>\n<li>K odb\u011bru krve pou\u017eijte steriln\u00ed jehlu a prop\u00edchn\u011bte \u0161pi\u010dku prstu.<\/li>\n<li>Dv\u011b kulat\u00e1 aplika\u010dn\u00ed pole na testovac\u00edm pap\u00ed\u0159e zcela vypl\u0148te krv\u00ed. D\u016fle\u017eit\u00e9: Prst se nesm\u00ed dot\u00fdkat testovac\u00edho pap\u00edru!<\/li>\n<li>Nechte krev na testovac\u00edm pap\u00ed\u0159e schnout po dobu 15 minut.<br \/>Vypl\u0148te formul\u00e1\u0159 identifik\u00e1toru anal\u00fdzy (ponechte si \u010d\u00e1st s jedine\u010dn\u00fdm identifika\u010dn\u00edm k\u00f3dem).<\/li>\n<li>Testovac\u00ed pap\u00edr (ulo\u017een\u00fd v plastov\u00e9m s\u00e1\u010dku) ode\u0161lete po\u0161tou do laborato\u0159e v p\u0159edplacen\u00e9 zp\u011btn\u00e9 ob\u00e1lce.<\/li>\n<li>Po 7\u201314 pracovn\u00edch dnech obdr\u017e\u00edte sv\u016fj osobn\u00ed v\u00fdsledek anal\u00fdzy.<\/li>\n<\/ul>\n<p>[\/et_pb_text][\/et_pb_column][\/et_pb_row][et_pb_row _builder_version=&#8220;4.27.4&#8243; _module_preset=&#8220;default&#8220; global_colors_info=&#8220;{}&#8220;][et_pb_column type=&#8220;4_4&#8243; _builder_version=&#8220;4.27.4&#8243; _module_preset=&#8220;default&#8220; global_colors_info=&#8220;{}&#8220;][et_pb_text _builder_version=&#8220;4.27.4&#8243; _module_preset=&#8220;default&#8220; global_colors_info=&#8220;{}&#8220;]<\/p>\n<div class=\"et_pb_module et_pb_text et_pb_text_7 et_pb_text_align_left et_pb_bg_layout_light\">\n<div class=\"et_pb_text_inner\">\n<h3><strong>\u00a0Jak odeslat bal\u00ed\u010dek?<\/strong><\/h3>\n<\/div>\n<\/div>\n<div class=\"et_pb_module et_pb_text et_pb_text_8 et_pb_text_align_left et_pb_bg_layout_light\">\n<div class=\"et_pb_text_inner\">\n<p><strong>1. Zarezervujte si anal\u00fdzu mastn\u00fdch kyselin od NORSAN.<\/strong><\/p>\n<p><strong>2. V bal\u00ed\u010dku najdete sadu pro dom\u00e1c\u00ed proveden\u00ed anal\u00fdzy, spolu s n\u00e1vodem k pou\u017eit\u00ed a speci\u00e1ln\u00ed ob\u00e1lkou se zn\u00e1mkou a adresou.<\/strong><\/p>\n<p><strong>3. Prove\u010fte anal\u00fdzu podle pokyn\u016f, pot\u00e9 vlo\u017ete testovac\u00ed kartu do plastov\u00e9ho s\u00e1\u010dku s pohlcova\u010dem vlhka, pevn\u011b s\u00e1\u010dek uzav\u0159ete a n\u00e1sledn\u011b vlo\u017ete do p\u0159ilo\u017een\u00e9 zp\u011btn\u00e9 ob\u00e1lky, na kterou jste p\u0159edt\u00edm nalepili p\u0159ilo\u017eenou zn\u00e1mku.<\/strong><\/p>\n<p><strong style=\"font-size: 18px;\">4. Ob\u00e1lka m\u00e1 p\u0159ilo\u017eenou zp\u00e1te\u010dn\u00ed zn\u00e1mku \u2013 <strong data-start=\"349\" data-end=\"393\">n\u00e1klady na odesl\u00e1n\u00ed do N\u011bmecka nehrad\u00edte<\/strong>.\u00a0<\/strong><\/p>\n<p>Adresa laborato\u0159e:<strong style=\"font-size: 18px;\"><\/strong><\/p>\n<p>Omegametrix GmbH<\/p>\n<p>Am Klopferspitz 19<\/p>\n<p>82152 Martinsried<\/p>\n<p>GERMANY<\/p>\n<p><strong>5. Bal\u00ed\u010dek lze odeslat dv\u011bma zp\u016fsoby: <\/strong><span style=\"font-size: 18px;\">Vlo\u017een\u00edm do schr\u00e1nky \u010cesk\u00e9 po\u0161ty nebo p<\/span><span style=\"font-size: 18px;\">od\u00e1n\u00edm na n\u011bkter\u00e9 z pobo\u010dek \u010cesk\u00e9 po\u0161ty.<\/span><\/p>\n<\/div>\n<\/div>\n<p>[\/et_pb_text][\/et_pb_column][\/et_pb_row][et_pb_row column_structure=&#8220;1_2,1_2&#8243; _builder_version=&#8220;4.27.4&#8243; _module_preset=&#8220;default&#8220; global_colors_info=&#8220;{}&#8220;][et_pb_column type=&#8220;1_2&#8243; _builder_version=&#8220;4.27.4&#8243; _module_preset=&#8220;default&#8220; global_colors_info=&#8220;{}&#8220;][et_pb_text _builder_version=&#8220;4.27.4&#8243; _module_preset=&#8220;default&#8220; custom_padding=&#8220;0px|||||&#8220; global_colors_info=&#8220;{}&#8220;]<\/p>\n<p>V p\u0159\u00edpad\u011b jak\u00fdchkoli dotaz\u016f n\u00e1s pros\u00edm kontaktujte:<\/p>\n<p>e-mail:\u00a0<a href=\"mailto:info@norsan-omega.pl\">info@norsan.cz<\/a><\/p>\n<p>telefon: +420 776 194 717<\/p>\n<p>[\/et_pb_text][\/et_pb_column][et_pb_column type=&#8220;1_2&#8243; _builder_version=&#8220;4.27.4&#8243; _module_preset=&#8220;default&#8220; global_colors_info=&#8220;{}&#8220;][\/et_pb_column][\/et_pb_row][\/et_pb_section]<\/p>\n","protected":false},"excerpt":{"rendered":"<p>ZM\u011a\u0158TE SI SV\u016eJ INDEX OMEGA-3 Zdravotn\u00ed p\u0159\u00edstup spole\u010dnosti NORSAN je zalo\u017een na diagnostick\u00e9 metod\u011b, kter\u00e1 tvo\u0159\u00ed jeho kl\u00ed\u010dov\u00fd prvek. Tento p\u0159\u00edstup zahrnuje m\u011b\u0159en\u00ed, anal\u00fdzu a regulaci omega-3 mastn\u00fdch kyselin, co\u017e [&hellip;]<\/p>\n","protected":false},"author":649,"featured_media":0,"parent":0,"menu_order":0,"comment_status":"closed","ping_status":"closed","template":"","meta":{"_acf_changed":false,"_et_pb_use_builder":"on","_et_pb_old_content":"","_et_gb_content_width":"","footnotes":""},"class_list":["post-289360","page","type-page","status-publish","hentry"],"acf":[],"yoast_head":"<!-- This site is optimized with the Yoast SEO plugin v27.3 - https:\/\/yoast.com\/product\/yoast-seo-wordpress\/ -->\n<title>Index omega-3 meranie - NORSAN \u010cesk\u00e1 republika<\/title>\n<meta name=\"robots\" content=\"index, follow, max-snippet:-1, max-image-preview:large, max-video-preview:-1\" \/>\n<link rel=\"canonical\" href=\"https:\/\/norsan.cz\/sk\/index-omega-3-meranie\/\" \/>\n<meta property=\"og:locale\" content=\"sk_SK\" \/>\n<meta property=\"og:type\" content=\"article\" \/>\n<meta property=\"og:title\" content=\"Index omega-3 meranie - NORSAN \u010cesk\u00e1 republika\" \/>\n<meta property=\"og:description\" content=\"ZM\u011a\u0158TE SI SV\u016eJ INDEX OMEGA-3 Zdravotn\u00ed p\u0159\u00edstup spole\u010dnosti NORSAN je zalo\u017een na diagnostick\u00e9 metod\u011b, kter\u00e1 tvo\u0159\u00ed jeho kl\u00ed\u010dov\u00fd prvek. Tento p\u0159\u00edstup zahrnuje m\u011b\u0159en\u00ed, anal\u00fdzu a regulaci omega-3 mastn\u00fdch kyselin, co\u017e [&hellip;]\" \/>\n<meta property=\"og:url\" content=\"https:\/\/norsan.cz\/sk\/index-omega-3-meranie\/\" \/>\n<meta property=\"og:site_name\" content=\"NORSAN \u010cesk\u00e1 republika\" \/>\n<meta property=\"article:publisher\" content=\"https:\/\/www.facebook.com\/norsan.cz\/\" \/>\n<meta property=\"article:modified_time\" content=\"2025-11-24T10:30:04+00:00\" \/>\n<meta name=\"twitter:card\" content=\"summary_large_image\" \/>\n<meta name=\"twitter:label1\" content=\"Predpokladan\u00fd \u010das \u010d\u00edtania\" \/>\n\t<meta name=\"twitter:data1\" content=\"8 min\u00fat\" \/>\n<script type=\"application\/ld+json\" class=\"yoast-schema-graph\">{\"@context\":\"https:\\\/\\\/schema.org\",\"@graph\":[{\"@type\":\"WebPage\",\"@id\":\"https:\\\/\\\/norsan.cz\\\/sk\\\/index-omega-3-meranie\\\/\",\"url\":\"https:\\\/\\\/norsan.cz\\\/sk\\\/index-omega-3-meranie\\\/\",\"name\":\"Index omega-3 meranie - NORSAN \u010cesk\u00e1 republika\",\"isPartOf\":{\"@id\":\"https:\\\/\\\/norsan.cz\\\/sk\\\/#website\"},\"datePublished\":\"2025-11-24T10:29:43+00:00\",\"dateModified\":\"2025-11-24T10:30:04+00:00\",\"breadcrumb\":{\"@id\":\"https:\\\/\\\/norsan.cz\\\/sk\\\/index-omega-3-meranie\\\/#breadcrumb\"},\"inLanguage\":\"sk-SK\",\"potentialAction\":[{\"@type\":\"ReadAction\",\"target\":[\"https:\\\/\\\/norsan.cz\\\/sk\\\/index-omega-3-meranie\\\/\"]}]},{\"@type\":\"BreadcrumbList\",\"@id\":\"https:\\\/\\\/norsan.cz\\\/sk\\\/index-omega-3-meranie\\\/#breadcrumb\",\"itemListElement\":[{\"@type\":\"ListItem\",\"position\":1,\"name\":\"Home\",\"item\":\"https:\\\/\\\/norsan.cz\\\/sk\\\/no-1-omega-3-brand\\\/\"},{\"@type\":\"ListItem\",\"position\":2,\"name\":\"Index omega-3 meranie\"}]},{\"@type\":\"WebSite\",\"@id\":\"https:\\\/\\\/norsan.cz\\\/sk\\\/#website\",\"url\":\"https:\\\/\\\/norsan.cz\\\/sk\\\/\",\"name\":\"NORSAN CZ\",\"description\":\"Specialista na omega-3\",\"publisher\":{\"@id\":\"https:\\\/\\\/norsan.cz\\\/sk\\\/#organization\"},\"potentialAction\":[{\"@type\":\"SearchAction\",\"target\":{\"@type\":\"EntryPoint\",\"urlTemplate\":\"https:\\\/\\\/norsan.cz\\\/sk\\\/?s={search_term_string}\"},\"query-input\":{\"@type\":\"PropertyValueSpecification\",\"valueRequired\":true,\"valueName\":\"search_term_string\"}}],\"inLanguage\":\"sk-SK\"},{\"@type\":\"Organization\",\"@id\":\"https:\\\/\\\/norsan.cz\\\/sk\\\/#organization\",\"name\":\"NORSAN \u010cesk\u00e1 republika\",\"url\":\"https:\\\/\\\/norsan.cz\\\/sk\\\/\",\"logo\":{\"@type\":\"ImageObject\",\"inLanguage\":\"sk-SK\",\"@id\":\"https:\\\/\\\/norsan.cz\\\/sk\\\/#\\\/schema\\\/logo\\\/image\\\/\",\"url\":\"https:\\\/\\\/norsan.cz\\\/wp-content\\\/uploads\\\/2022\\\/04\\\/2-g-omega-3-dziennie-12.png\",\"contentUrl\":\"https:\\\/\\\/norsan.cz\\\/wp-content\\\/uploads\\\/2022\\\/04\\\/2-g-omega-3-dziennie-12.png\",\"width\":500,\"height\":500,\"caption\":\"NORSAN \u010cesk\u00e1 republika\"},\"image\":{\"@id\":\"https:\\\/\\\/norsan.cz\\\/sk\\\/#\\\/schema\\\/logo\\\/image\\\/\"},\"sameAs\":[\"https:\\\/\\\/www.facebook.com\\\/norsan.cz\\\/\"]}]}<\/script>\n<!-- \/ Yoast SEO plugin. -->","yoast_head_json":{"title":"Index omega-3 meranie - NORSAN \u010cesk\u00e1 republika","robots":{"index":"index","follow":"follow","max-snippet":"max-snippet:-1","max-image-preview":"max-image-preview:large","max-video-preview":"max-video-preview:-1"},"canonical":"https:\/\/norsan.cz\/sk\/index-omega-3-meranie\/","og_locale":"sk_SK","og_type":"article","og_title":"Index omega-3 meranie - NORSAN \u010cesk\u00e1 republika","og_description":"ZM\u011a\u0158TE SI SV\u016eJ INDEX OMEGA-3 Zdravotn\u00ed p\u0159\u00edstup spole\u010dnosti NORSAN je zalo\u017een na diagnostick\u00e9 metod\u011b, kter\u00e1 tvo\u0159\u00ed jeho kl\u00ed\u010dov\u00fd prvek. Tento p\u0159\u00edstup zahrnuje m\u011b\u0159en\u00ed, anal\u00fdzu a regulaci omega-3 mastn\u00fdch kyselin, co\u017e [&hellip;]","og_url":"https:\/\/norsan.cz\/sk\/index-omega-3-meranie\/","og_site_name":"NORSAN \u010cesk\u00e1 republika","article_publisher":"https:\/\/www.facebook.com\/norsan.cz\/","article_modified_time":"2025-11-24T10:30:04+00:00","twitter_card":"summary_large_image","twitter_misc":{"Predpokladan\u00fd \u010das \u010d\u00edtania":"8 min\u00fat"},"schema":{"@context":"https:\/\/schema.org","@graph":[{"@type":"WebPage","@id":"https:\/\/norsan.cz\/sk\/index-omega-3-meranie\/","url":"https:\/\/norsan.cz\/sk\/index-omega-3-meranie\/","name":"Index omega-3 meranie - NORSAN \u010cesk\u00e1 republika","isPartOf":{"@id":"https:\/\/norsan.cz\/sk\/#website"},"datePublished":"2025-11-24T10:29:43+00:00","dateModified":"2025-11-24T10:30:04+00:00","breadcrumb":{"@id":"https:\/\/norsan.cz\/sk\/index-omega-3-meranie\/#breadcrumb"},"inLanguage":"sk-SK","potentialAction":[{"@type":"ReadAction","target":["https:\/\/norsan.cz\/sk\/index-omega-3-meranie\/"]}]},{"@type":"BreadcrumbList","@id":"https:\/\/norsan.cz\/sk\/index-omega-3-meranie\/#breadcrumb","itemListElement":[{"@type":"ListItem","position":1,"name":"Home","item":"https:\/\/norsan.cz\/sk\/no-1-omega-3-brand\/"},{"@type":"ListItem","position":2,"name":"Index omega-3 meranie"}]},{"@type":"WebSite","@id":"https:\/\/norsan.cz\/sk\/#website","url":"https:\/\/norsan.cz\/sk\/","name":"NORSAN CZ","description":"Specialista na omega-3","publisher":{"@id":"https:\/\/norsan.cz\/sk\/#organization"},"potentialAction":[{"@type":"SearchAction","target":{"@type":"EntryPoint","urlTemplate":"https:\/\/norsan.cz\/sk\/?s={search_term_string}"},"query-input":{"@type":"PropertyValueSpecification","valueRequired":true,"valueName":"search_term_string"}}],"inLanguage":"sk-SK"},{"@type":"Organization","@id":"https:\/\/norsan.cz\/sk\/#organization","name":"NORSAN \u010cesk\u00e1 republika","url":"https:\/\/norsan.cz\/sk\/","logo":{"@type":"ImageObject","inLanguage":"sk-SK","@id":"https:\/\/norsan.cz\/sk\/#\/schema\/logo\/image\/","url":"https:\/\/norsan.cz\/wp-content\/uploads\/2022\/04\/2-g-omega-3-dziennie-12.png","contentUrl":"https:\/\/norsan.cz\/wp-content\/uploads\/2022\/04\/2-g-omega-3-dziennie-12.png","width":500,"height":500,"caption":"NORSAN \u010cesk\u00e1 republika"},"image":{"@id":"https:\/\/norsan.cz\/sk\/#\/schema\/logo\/image\/"},"sameAs":["https:\/\/www.facebook.com\/norsan.cz\/"]}]}},"_links":{"self":[{"href":"https:\/\/norsan.cz\/sk\/wp-json\/wp\/v2\/pages\/289360","targetHints":{"allow":["GET"]}}],"collection":[{"href":"https:\/\/norsan.cz\/sk\/wp-json\/wp\/v2\/pages"}],"about":[{"href":"https:\/\/norsan.cz\/sk\/wp-json\/wp\/v2\/types\/page"}],"author":[{"embeddable":true,"href":"https:\/\/norsan.cz\/sk\/wp-json\/wp\/v2\/users\/649"}],"replies":[{"embeddable":true,"href":"https:\/\/norsan.cz\/sk\/wp-json\/wp\/v2\/comments?post=289360"}],"version-history":[{"count":3,"href":"https:\/\/norsan.cz\/sk\/wp-json\/wp\/v2\/pages\/289360\/revisions"}],"predecessor-version":[{"id":291963,"href":"https:\/\/norsan.cz\/sk\/wp-json\/wp\/v2\/pages\/289360\/revisions\/291963"}],"wp:attachment":[{"href":"https:\/\/norsan.cz\/sk\/wp-json\/wp\/v2\/media?parent=289360"}],"curies":[{"name":"wp","href":"https:\/\/api.w.org\/{rel}","templated":true}]}}