{"id":289353,"date":"2020-12-16T17:07:58","date_gmt":"2020-12-16T17:07:58","guid":{"rendered":"https:\/\/norsan.cz\/kosik-2\/"},"modified":"2025-08-05T11:10:41","modified_gmt":"2025-08-05T11:10:41","slug":"kosik-2","status":"publish","type":"page","link":"https:\/\/norsan.cz\/sk\/kosik-2\/","title":{"rendered":"Ko\u0161\u00edk"},"content":{"rendered":"<p>[et_pb_section fb_built=&#8220;1&#8243; _builder_version=&#8220;4.16&#8243; global_colors_info=&#8220;{}&#8220; theme_builder_area=&#8220;post_content&#8220;][et_pb_row _builder_version=&#8220;4.16&#8243; background_size=&#8220;initial&#8220; background_position=&#8220;top_left&#8220; background_repeat=&#8220;repeat&#8220; global_colors_info=&#8220;{}&#8220; theme_builder_area=&#8220;post_content&#8220;][et_pb_column type=&#8220;4_4&#8243; _builder_version=&#8220;4.16&#8243; custom_padding=&#8220;|||&#8220; global_colors_info=&#8220;{}&#8220; custom_padding__hover=&#8220;|||&#8220; theme_builder_area=&#8220;post_content&#8220;][et_pb_post_title meta=&#8220;off&#8220; featured_image=&#8220;off&#8220; _builder_version=&#8220;4.27.0&#8243; hover_enabled=&#8220;0&#8243; global_colors_info=&#8220;{}&#8220; theme_builder_area=&#8220;post_content&#8220; sticky_enabled=&#8220;0&#8243;][\/et_pb_post_title][et_pb_wc_cart_notice _builder_version=&#8220;4.16&#8243; global_colors_info=&#8220;{}&#8220; theme_builder_area=&#8220;post_content&#8220;][\/et_pb_wc_cart_notice][et_pb_wc_cart_products _builder_version=&#8220;4.16&#8243; global_colors_info=&#8220;{}&#8220; theme_builder_area=&#8220;post_content&#8220;][\/et_pb_wc_cart_products][\/et_pb_column][\/et_pb_row][et_pb_row column_structure=&#8220;1_2,1_2&#8243; _builder_version=&#8220;4.16&#8243; background_size=&#8220;initial&#8220; background_position=&#8220;top_left&#8220; background_repeat=&#8220;repeat&#8220; global_colors_info=&#8220;{}&#8220; theme_builder_area=&#8220;post_content&#8220;][et_pb_column type=&#8220;1_2&#8243; _builder_version=&#8220;4.16&#8243; custom_padding=&#8220;|||&#8220; global_colors_info=&#8220;{}&#8220; custom_padding__hover=&#8220;|||&#8220; theme_builder_area=&#8220;post_content&#8220;][et_pb_wc_cross_sells _builder_version=&#8220;4.16&#8243; global_colors_info=&#8220;{}&#8220; theme_builder_area=&#8220;post_content&#8220;][\/et_pb_wc_cross_sells][\/et_pb_column][et_pb_column type=&#8220;1_2&#8243; _builder_version=&#8220;4.16&#8243; custom_padding=&#8220;|||&#8220; global_colors_info=&#8220;{}&#8220; custom_padding__hover=&#8220;|||&#8220; theme_builder_area=&#8220;post_content&#8220;][et_pb_wc_cart_totals _builder_version=&#8220;4.16&#8243; global_colors_info=&#8220;{}&#8220; theme_builder_area=&#8220;post_content&#8220;][\/et_pb_wc_cart_totals][\/et_pb_column][\/et_pb_row][\/et_pb_section]<\/p>\n","protected":false},"excerpt":{"rendered":"","protected":false},"author":1,"featured_media":0,"parent":0,"menu_order":0,"comment_status":"closed","ping_status":"closed","template":"","meta":{"_acf_changed":false,"_et_pb_use_builder":"on","_et_pb_old_content":"","_et_gb_content_width":"","footnotes":""},"class_list":["post-289353","page","type-page","status-publish","hentry"],"acf":[],"yoast_head":"<!-- This site is optimized with the Yoast SEO plugin v27.3 - https:\/\/yoast.com\/product\/yoast-seo-wordpress\/ -->\n<title>Ko\u0161\u00edk - NORSAN \u010cesk\u00e1 republika<\/title>\n<meta name=\"robots\" content=\"noindex, nofollow\" \/>\n<meta property=\"og:locale\" content=\"sk_SK\" \/>\n<meta property=\"og:type\" content=\"article\" \/>\n<meta property=\"og:title\" content=\"Ko\u0161\u00edk - NORSAN \u010cesk\u00e1 republika\" \/>\n<meta property=\"og:url\" content=\"https:\/\/norsan.cz\/sk\/kosik-2\/\" \/>\n<meta property=\"og:site_name\" content=\"NORSAN \u010cesk\u00e1 republika\" \/>\n<meta property=\"article:publisher\" content=\"https:\/\/www.facebook.com\/norsan.cz\/\" \/>\n<meta property=\"article:modified_time\" content=\"2025-08-05T11:10:41+00:00\" \/>\n<meta name=\"twitter:card\" content=\"summary_large_image\" \/>\n<meta name=\"twitter:label1\" content=\"Predpokladan\u00fd \u010das \u010d\u00edtania\" \/>\n\t<meta name=\"twitter:data1\" content=\"1 min\u00fata\" \/>\n<script type=\"application\/ld+json\" class=\"yoast-schema-graph\">{\"@context\":\"https:\\\/\\\/schema.org\",\"@graph\":[{\"@type\":\"WebPage\",\"@id\":\"https:\\\/\\\/norsan.cz\\\/sk\\\/kosik-2\\\/\",\"url\":\"https:\\\/\\\/norsan.cz\\\/sk\\\/kosik-2\\\/\",\"name\":\"Ko\u0161\u00edk - NORSAN \u010cesk\u00e1 republika\",\"isPartOf\":{\"@id\":\"https:\\\/\\\/norsan.cz\\\/sk\\\/#website\"},\"datePublished\":\"2020-12-16T17:07:58+00:00\",\"dateModified\":\"2025-08-05T11:10:41+00:00\",\"breadcrumb\":{\"@id\":\"https:\\\/\\\/norsan.cz\\\/sk\\\/kosik-2\\\/#breadcrumb\"},\"inLanguage\":\"sk-SK\",\"potentialAction\":[{\"@type\":\"ReadAction\",\"target\":[\"https:\\\/\\\/norsan.cz\\\/sk\\\/kosik-2\\\/\"]}]},{\"@type\":\"BreadcrumbList\",\"@id\":\"https:\\\/\\\/norsan.cz\\\/sk\\\/kosik-2\\\/#breadcrumb\",\"itemListElement\":[{\"@type\":\"ListItem\",\"position\":1,\"name\":\"Home\",\"item\":\"https:\\\/\\\/norsan.cz\\\/sk\\\/no-1-omega-3-brand\\\/\"},{\"@type\":\"ListItem\",\"position\":2,\"name\":\"Ko\u0161\u00edk\"}]},{\"@type\":\"WebSite\",\"@id\":\"https:\\\/\\\/norsan.cz\\\/sk\\\/#website\",\"url\":\"https:\\\/\\\/norsan.cz\\\/sk\\\/\",\"name\":\"NORSAN CZ\",\"description\":\"Specialista na omega-3\",\"publisher\":{\"@id\":\"https:\\\/\\\/norsan.cz\\\/sk\\\/#organization\"},\"potentialAction\":[{\"@type\":\"SearchAction\",\"target\":{\"@type\":\"EntryPoint\",\"urlTemplate\":\"https:\\\/\\\/norsan.cz\\\/sk\\\/?s={search_term_string}\"},\"query-input\":{\"@type\":\"PropertyValueSpecification\",\"valueRequired\":true,\"valueName\":\"search_term_string\"}}],\"inLanguage\":\"sk-SK\"},{\"@type\":\"Organization\",\"@id\":\"https:\\\/\\\/norsan.cz\\\/sk\\\/#organization\",\"name\":\"NORSAN \u010cesk\u00e1 republika\",\"url\":\"https:\\\/\\\/norsan.cz\\\/sk\\\/\",\"logo\":{\"@type\":\"ImageObject\",\"inLanguage\":\"sk-SK\",\"@id\":\"https:\\\/\\\/norsan.cz\\\/sk\\\/#\\\/schema\\\/logo\\\/image\\\/\",\"url\":\"https:\\\/\\\/norsan.cz\\\/wp-content\\\/uploads\\\/2022\\\/04\\\/2-g-omega-3-dziennie-12.png\",\"contentUrl\":\"https:\\\/\\\/norsan.cz\\\/wp-content\\\/uploads\\\/2022\\\/04\\\/2-g-omega-3-dziennie-12.png\",\"width\":500,\"height\":500,\"caption\":\"NORSAN \u010cesk\u00e1 republika\"},\"image\":{\"@id\":\"https:\\\/\\\/norsan.cz\\\/sk\\\/#\\\/schema\\\/logo\\\/image\\\/\"},\"sameAs\":[\"https:\\\/\\\/www.facebook.com\\\/norsan.cz\\\/\"]}]}<\/script>\n<!-- \/ Yoast SEO plugin. -->","yoast_head_json":{"title":"Ko\u0161\u00edk - NORSAN \u010cesk\u00e1 republika","robots":{"index":"noindex","follow":"nofollow"},"og_locale":"sk_SK","og_type":"article","og_title":"Ko\u0161\u00edk - NORSAN \u010cesk\u00e1 republika","og_url":"https:\/\/norsan.cz\/sk\/kosik-2\/","og_site_name":"NORSAN \u010cesk\u00e1 republika","article_publisher":"https:\/\/www.facebook.com\/norsan.cz\/","article_modified_time":"2025-08-05T11:10:41+00:00","twitter_card":"summary_large_image","twitter_misc":{"Predpokladan\u00fd \u010das \u010d\u00edtania":"1 min\u00fata"},"schema":{"@context":"https:\/\/schema.org","@graph":[{"@type":"WebPage","@id":"https:\/\/norsan.cz\/sk\/kosik-2\/","url":"https:\/\/norsan.cz\/sk\/kosik-2\/","name":"Ko\u0161\u00edk - NORSAN \u010cesk\u00e1 republika","isPartOf":{"@id":"https:\/\/norsan.cz\/sk\/#website"},"datePublished":"2020-12-16T17:07:58+00:00","dateModified":"2025-08-05T11:10:41+00:00","breadcrumb":{"@id":"https:\/\/norsan.cz\/sk\/kosik-2\/#breadcrumb"},"inLanguage":"sk-SK","potentialAction":[{"@type":"ReadAction","target":["https:\/\/norsan.cz\/sk\/kosik-2\/"]}]},{"@type":"BreadcrumbList","@id":"https:\/\/norsan.cz\/sk\/kosik-2\/#breadcrumb","itemListElement":[{"@type":"ListItem","position":1,"name":"Home","item":"https:\/\/norsan.cz\/sk\/no-1-omega-3-brand\/"},{"@type":"ListItem","position":2,"name":"Ko\u0161\u00edk"}]},{"@type":"WebSite","@id":"https:\/\/norsan.cz\/sk\/#website","url":"https:\/\/norsan.cz\/sk\/","name":"NORSAN CZ","description":"Specialista na omega-3","publisher":{"@id":"https:\/\/norsan.cz\/sk\/#organization"},"potentialAction":[{"@type":"SearchAction","target":{"@type":"EntryPoint","urlTemplate":"https:\/\/norsan.cz\/sk\/?s={search_term_string}"},"query-input":{"@type":"PropertyValueSpecification","valueRequired":true,"valueName":"search_term_string"}}],"inLanguage":"sk-SK"},{"@type":"Organization","@id":"https:\/\/norsan.cz\/sk\/#organization","name":"NORSAN \u010cesk\u00e1 republika","url":"https:\/\/norsan.cz\/sk\/","logo":{"@type":"ImageObject","inLanguage":"sk-SK","@id":"https:\/\/norsan.cz\/sk\/#\/schema\/logo\/image\/","url":"https:\/\/norsan.cz\/wp-content\/uploads\/2022\/04\/2-g-omega-3-dziennie-12.png","contentUrl":"https:\/\/norsan.cz\/wp-content\/uploads\/2022\/04\/2-g-omega-3-dziennie-12.png","width":500,"height":500,"caption":"NORSAN \u010cesk\u00e1 republika"},"image":{"@id":"https:\/\/norsan.cz\/sk\/#\/schema\/logo\/image\/"},"sameAs":["https:\/\/www.facebook.com\/norsan.cz\/"]}]}},"_links":{"self":[{"href":"https:\/\/norsan.cz\/sk\/wp-json\/wp\/v2\/pages\/289353","targetHints":{"allow":["GET"]}}],"collection":[{"href":"https:\/\/norsan.cz\/sk\/wp-json\/wp\/v2\/pages"}],"about":[{"href":"https:\/\/norsan.cz\/sk\/wp-json\/wp\/v2\/types\/page"}],"author":[{"embeddable":true,"href":"https:\/\/norsan.cz\/sk\/wp-json\/wp\/v2\/users\/1"}],"replies":[{"embeddable":true,"href":"https:\/\/norsan.cz\/sk\/wp-json\/wp\/v2\/comments?post=289353"}],"version-history":[{"count":1,"href":"https:\/\/norsan.cz\/sk\/wp-json\/wp\/v2\/pages\/289353\/revisions"}],"predecessor-version":[{"id":289354,"href":"https:\/\/norsan.cz\/sk\/wp-json\/wp\/v2\/pages\/289353\/revisions\/289354"}],"wp:attachment":[{"href":"https:\/\/norsan.cz\/sk\/wp-json\/wp\/v2\/media?parent=289353"}],"curies":[{"name":"wp","href":"https:\/\/api.w.org\/{rel}","templated":true}]}}