{"id":289350,"date":"2025-11-24T10:27:29","date_gmt":"2025-11-24T10:27:29","guid":{"rendered":"https:\/\/norsan.cz\/?page_id=289350"},"modified":"2025-12-02T10:54:54","modified_gmt":"2025-12-02T10:54:54","slug":"analyza-vysledkov","status":"publish","type":"page","link":"https:\/\/norsan.cz\/sk\/analyza-vysledkov\/","title":{"rendered":"Anal\u00fdza v\u00fdsledkov"},"content":{"rendered":"<p>[et_pb_section fb_built=&#8220;1&#8243; admin_label=&#8220;Banner: The effect of omega-3 fatty acids on our health&#8220; _builder_version=&#8220;4.27.4&#8243; _module_preset=&#8220;25119904-6158-4eb7-8505-f8bfface8e2e&#8220; background_color=&#8220;#5F99BF&#8220; background_color_gradient_direction_radial=&#8220;left&#8220; background_image=&#8220;https:\/\/norsan.cz\/wp-content\/uploads\/2025\/07\/Gleichgewicht-Omega-3-und-Omega-6-Fettsauren-im-Korper.jpg&#8220; background_position=&#8220;center&#8220; min_height=&#8220;350px&#8220; background_last_edited=&#8220;on|tablet&#8220; use_background_color_gradient_tablet=&#8220;on&#8220; background_color_gradient_direction_radial_tablet=&#8220;center&#8220; background_color_gradient_stops_tablet=&#8220;rgba(0,0,0,0.55) 0%|rgba(0,0,0,0) 100%&#8220; background_color_gradient_start_tablet=&#8220;rgba(0,0,0,0.55)&#8220; background_color_gradient_end_tablet=&#8220;rgba(0,0,0,0)&#8220; custom_css_free_form=&#8220;selector{||  display: flex;||}&#8220; locked=&#8220;off&#8220; global_colors_info=&#8220;{}&#8220;][et_pb_row _builder_version=&#8220;4.27.4&#8243; _module_preset=&#8220;default&#8220; z_index=&#8220;100000&#8243; custom_margin=&#8220;auto||auto||false|false&#8220; global_colors_info=&#8220;{}&#8220;][et_pb_column type=&#8220;4_4&#8243; _builder_version=&#8220;4.16&#8243; _module_preset=&#8220;default&#8220; global_colors_info=&#8220;{}&#8220;][et_pb_text _builder_version=&#8220;4.27.4&#8243; _module_preset=&#8220;f8e0969b-e382-45f8-bc08-47870413355a&#8220; header_4_font=&#8220;|300|||||||&#8220; background_layout=&#8220;dark&#8220; global_colors_info=&#8220;{}&#8220;]<\/p>\n<h1 style=\"text-align: center;\">ZKONTROLUJTE V\u00ddSLEDEK<br data-start=\"19\" data-end=\"22\" \/>ANAL\u00ddZY MASTN\u00ddCH KYSELIN<\/h1>\n<p>[\/et_pb_text][\/et_pb_column][\/et_pb_row][\/et_pb_section][et_pb_section fb_built=&#8220;1&#8243; _builder_version=&#8220;4.27.4&#8243; _module_preset=&#8220;default&#8220; global_colors_info=&#8220;{}&#8220;][et_pb_row _builder_version=&#8220;4.27.4&#8243; _module_preset=&#8220;default&#8220; global_colors_info=&#8220;{}&#8220;][et_pb_column type=&#8220;4_4&#8243; _builder_version=&#8220;4.27.4&#8243; _module_preset=&#8220;default&#8220; global_colors_info=&#8220;{}&#8220;][et_pb_text _builder_version=&#8220;4.27.4&#8243; _module_preset=&#8220;default&#8220; text_font_size=&#8220;32px&#8220; custom_css_free_form=&#8220;selector{||  line-height: 1.2;||}&#8220; global_colors_info=&#8220;{}&#8220;]<\/p>\n<p>Anal\u00fdzu mastn\u00fdch kyselin prov\u00e1d\u00ed specializovan\u00e1 laborato\u0159 <strong><a href=\"https:\/\/www.omegametrix.eu\/index.php?lang=DE\" target=\"_blank\" rel=\"noopener\">Omegametrix<\/a>.<\/strong> N\u00e1sleduj\u00edc\u00ed odkaz v\u00e1s p\u0159enese na webov\u00e9 str\u00e1nky laborato\u0159e, kde m\u016f\u017eete zkontrolovat stav sv\u00e9 anal\u00fdzy a z\u00edskat p\u0159\u00edstup k v\u00fdsledk\u016fm.<\/p>\n<p data-start=\"207\" data-end=\"498\">Pro p\u0159ihl\u00e1\u0161en\u00ed zadejte e-mailovou adresu, kterou jste uvedli p\u0159i prov\u00e1d\u011bn\u00ed anal\u00fdzy mastn\u00fdch kyselin.<br data-start=\"307\" data-end=\"310\" \/>Pot\u00e9 obdr\u017e\u00edte e-mail z laborato\u0159e, ze kter\u00e9ho si budete moci st\u00e1hnout sv\u00e9 v\u00fdsledky. T\u00edm je zaji\u0161t\u011bno, \u017ee sv\u00e9 v\u00fdsledky m\u016f\u017eete zobrazit pouze vy a \u017ee jejich sta\u017een\u00ed prob\u00edh\u00e1 v souladu s GDPR.<\/p>\n<p data-start=\"500\" data-end=\"572\" data-is-last-node=\"\" data-is-only-node=\"\">V\u00fdsledek je obvykle k dispozici do <strong data-start=\"535\" data-end=\"547\">7\u201314 dn\u016f<\/strong> od odesl\u00e1n\u00ed vzorku krve.<\/p>\n<p>[\/et_pb_text][et_pb_button button_url=&#8220;https:\/\/lab.omegametrix.eu\/login?next=\/befunde&#8220; button_text=&#8220;V\u00e1\u0161 v\u00fdsledek&#8220; _builder_version=&#8220;4.27.4&#8243; _module_preset=&#8220;default&#8220; button_bg_color=&#8220;#004272&#8243; button_border_color=&#8220;#004272&#8243; global_colors_info=&#8220;{}&#8220;][\/et_pb_button][et_pb_text _builder_version=&#8220;4.27.4&#8243; _module_preset=&#8220;default&#8220; text_font_size=&#8220;24px&#8220; global_colors_info=&#8220;{}&#8220;]<\/p>\n<p style=\"text-align: center;\"><a href=\"https:\/\/norsan.cz\/wp-content\/uploads\/2025\/11\/output-Test1-cz-1.pdf\" target=\"_blank\" rel=\"noopener\">(Klikn\u011bte zde pro zobrazen\u00ed uk\u00e1zkov\u00e9ho v\u00fdsledku)<\/a><\/p>\n<p>[\/et_pb_text][\/et_pb_column][\/et_pb_row][\/et_pb_section]<\/p>\n","protected":false},"excerpt":{"rendered":"<p>ZKONTROLUJTE V\u00ddSLEDEKANAL\u00ddZY MASTN\u00ddCH KYSELIN Anal\u00fdzu mastn\u00fdch kyselin prov\u00e1d\u00ed specializovan\u00e1 laborato\u0159 Omegametrix. N\u00e1sleduj\u00edc\u00ed odkaz v\u00e1s p\u0159enese na webov\u00e9 str\u00e1nky laborato\u0159e, kde m\u016f\u017eete zkontrolovat stav sv\u00e9 anal\u00fdzy a z\u00edskat p\u0159\u00edstup k v\u00fdsledk\u016fm. [&hellip;]<\/p>\n","protected":false},"author":649,"featured_media":0,"parent":0,"menu_order":0,"comment_status":"closed","ping_status":"closed","template":"","meta":{"_acf_changed":false,"_et_pb_use_builder":"on","_et_pb_old_content":"","_et_gb_content_width":"","footnotes":""},"class_list":["post-289350","page","type-page","status-publish","hentry"],"acf":[],"yoast_head":"<!-- This site is optimized with the Yoast SEO plugin v27.3 - https:\/\/yoast.com\/product\/yoast-seo-wordpress\/ -->\n<title>Anal\u00fdza v\u00fdsledkov - NORSAN \u010cesk\u00e1 republika<\/title>\n<meta name=\"robots\" content=\"index, follow, max-snippet:-1, max-image-preview:large, max-video-preview:-1\" \/>\n<link rel=\"canonical\" href=\"https:\/\/norsan.cz\/sk\/analyza-vysledkov\/\" \/>\n<meta property=\"og:locale\" content=\"sk_SK\" \/>\n<meta property=\"og:type\" content=\"article\" \/>\n<meta property=\"og:title\" content=\"Anal\u00fdza v\u00fdsledkov - NORSAN \u010cesk\u00e1 republika\" \/>\n<meta property=\"og:description\" content=\"ZKONTROLUJTE V\u00ddSLEDEKANAL\u00ddZY MASTN\u00ddCH KYSELIN Anal\u00fdzu mastn\u00fdch kyselin prov\u00e1d\u00ed specializovan\u00e1 laborato\u0159 Omegametrix. N\u00e1sleduj\u00edc\u00ed odkaz v\u00e1s p\u0159enese na webov\u00e9 str\u00e1nky laborato\u0159e, kde m\u016f\u017eete zkontrolovat stav sv\u00e9 anal\u00fdzy a z\u00edskat p\u0159\u00edstup k v\u00fdsledk\u016fm. [&hellip;]\" \/>\n<meta property=\"og:url\" content=\"https:\/\/norsan.cz\/sk\/analyza-vysledkov\/\" \/>\n<meta property=\"og:site_name\" content=\"NORSAN \u010cesk\u00e1 republika\" \/>\n<meta property=\"article:publisher\" content=\"https:\/\/www.facebook.com\/norsan.cz\/\" \/>\n<meta property=\"article:modified_time\" content=\"2025-12-02T10:54:54+00:00\" \/>\n<meta name=\"twitter:card\" content=\"summary_large_image\" \/>\n<meta name=\"twitter:label1\" content=\"Predpokladan\u00fd \u010das \u010d\u00edtania\" \/>\n\t<meta name=\"twitter:data1\" content=\"2 min\u00faty\" \/>\n<script type=\"application\/ld+json\" class=\"yoast-schema-graph\">{\"@context\":\"https:\\\/\\\/schema.org\",\"@graph\":[{\"@type\":\"WebPage\",\"@id\":\"https:\\\/\\\/norsan.cz\\\/sk\\\/analyza-vysledkov\\\/\",\"url\":\"https:\\\/\\\/norsan.cz\\\/sk\\\/analyza-vysledkov\\\/\",\"name\":\"Anal\u00fdza v\u00fdsledkov - NORSAN \u010cesk\u00e1 republika\",\"isPartOf\":{\"@id\":\"https:\\\/\\\/norsan.cz\\\/sk\\\/#website\"},\"datePublished\":\"2025-11-24T10:27:29+00:00\",\"dateModified\":\"2025-12-02T10:54:54+00:00\",\"breadcrumb\":{\"@id\":\"https:\\\/\\\/norsan.cz\\\/sk\\\/analyza-vysledkov\\\/#breadcrumb\"},\"inLanguage\":\"sk-SK\",\"potentialAction\":[{\"@type\":\"ReadAction\",\"target\":[\"https:\\\/\\\/norsan.cz\\\/sk\\\/analyza-vysledkov\\\/\"]}]},{\"@type\":\"BreadcrumbList\",\"@id\":\"https:\\\/\\\/norsan.cz\\\/sk\\\/analyza-vysledkov\\\/#breadcrumb\",\"itemListElement\":[{\"@type\":\"ListItem\",\"position\":1,\"name\":\"Home\",\"item\":\"https:\\\/\\\/norsan.cz\\\/sk\\\/no-1-omega-3-brand\\\/\"},{\"@type\":\"ListItem\",\"position\":2,\"name\":\"Anal\u00fdza v\u00fdsledkov\"}]},{\"@type\":\"WebSite\",\"@id\":\"https:\\\/\\\/norsan.cz\\\/sk\\\/#website\",\"url\":\"https:\\\/\\\/norsan.cz\\\/sk\\\/\",\"name\":\"NORSAN CZ\",\"description\":\"Specialista na omega-3\",\"publisher\":{\"@id\":\"https:\\\/\\\/norsan.cz\\\/sk\\\/#organization\"},\"potentialAction\":[{\"@type\":\"SearchAction\",\"target\":{\"@type\":\"EntryPoint\",\"urlTemplate\":\"https:\\\/\\\/norsan.cz\\\/sk\\\/?s={search_term_string}\"},\"query-input\":{\"@type\":\"PropertyValueSpecification\",\"valueRequired\":true,\"valueName\":\"search_term_string\"}}],\"inLanguage\":\"sk-SK\"},{\"@type\":\"Organization\",\"@id\":\"https:\\\/\\\/norsan.cz\\\/sk\\\/#organization\",\"name\":\"NORSAN \u010cesk\u00e1 republika\",\"url\":\"https:\\\/\\\/norsan.cz\\\/sk\\\/\",\"logo\":{\"@type\":\"ImageObject\",\"inLanguage\":\"sk-SK\",\"@id\":\"https:\\\/\\\/norsan.cz\\\/sk\\\/#\\\/schema\\\/logo\\\/image\\\/\",\"url\":\"https:\\\/\\\/norsan.cz\\\/wp-content\\\/uploads\\\/2022\\\/04\\\/2-g-omega-3-dziennie-12.png\",\"contentUrl\":\"https:\\\/\\\/norsan.cz\\\/wp-content\\\/uploads\\\/2022\\\/04\\\/2-g-omega-3-dziennie-12.png\",\"width\":500,\"height\":500,\"caption\":\"NORSAN \u010cesk\u00e1 republika\"},\"image\":{\"@id\":\"https:\\\/\\\/norsan.cz\\\/sk\\\/#\\\/schema\\\/logo\\\/image\\\/\"},\"sameAs\":[\"https:\\\/\\\/www.facebook.com\\\/norsan.cz\\\/\"]}]}<\/script>\n<!-- \/ Yoast SEO plugin. -->","yoast_head_json":{"title":"Anal\u00fdza v\u00fdsledkov - NORSAN \u010cesk\u00e1 republika","robots":{"index":"index","follow":"follow","max-snippet":"max-snippet:-1","max-image-preview":"max-image-preview:large","max-video-preview":"max-video-preview:-1"},"canonical":"https:\/\/norsan.cz\/sk\/analyza-vysledkov\/","og_locale":"sk_SK","og_type":"article","og_title":"Anal\u00fdza v\u00fdsledkov - NORSAN \u010cesk\u00e1 republika","og_description":"ZKONTROLUJTE V\u00ddSLEDEKANAL\u00ddZY MASTN\u00ddCH KYSELIN Anal\u00fdzu mastn\u00fdch kyselin prov\u00e1d\u00ed specializovan\u00e1 laborato\u0159 Omegametrix. N\u00e1sleduj\u00edc\u00ed odkaz v\u00e1s p\u0159enese na webov\u00e9 str\u00e1nky laborato\u0159e, kde m\u016f\u017eete zkontrolovat stav sv\u00e9 anal\u00fdzy a z\u00edskat p\u0159\u00edstup k v\u00fdsledk\u016fm. [&hellip;]","og_url":"https:\/\/norsan.cz\/sk\/analyza-vysledkov\/","og_site_name":"NORSAN \u010cesk\u00e1 republika","article_publisher":"https:\/\/www.facebook.com\/norsan.cz\/","article_modified_time":"2025-12-02T10:54:54+00:00","twitter_card":"summary_large_image","twitter_misc":{"Predpokladan\u00fd \u010das \u010d\u00edtania":"2 min\u00faty"},"schema":{"@context":"https:\/\/schema.org","@graph":[{"@type":"WebPage","@id":"https:\/\/norsan.cz\/sk\/analyza-vysledkov\/","url":"https:\/\/norsan.cz\/sk\/analyza-vysledkov\/","name":"Anal\u00fdza v\u00fdsledkov - NORSAN \u010cesk\u00e1 republika","isPartOf":{"@id":"https:\/\/norsan.cz\/sk\/#website"},"datePublished":"2025-11-24T10:27:29+00:00","dateModified":"2025-12-02T10:54:54+00:00","breadcrumb":{"@id":"https:\/\/norsan.cz\/sk\/analyza-vysledkov\/#breadcrumb"},"inLanguage":"sk-SK","potentialAction":[{"@type":"ReadAction","target":["https:\/\/norsan.cz\/sk\/analyza-vysledkov\/"]}]},{"@type":"BreadcrumbList","@id":"https:\/\/norsan.cz\/sk\/analyza-vysledkov\/#breadcrumb","itemListElement":[{"@type":"ListItem","position":1,"name":"Home","item":"https:\/\/norsan.cz\/sk\/no-1-omega-3-brand\/"},{"@type":"ListItem","position":2,"name":"Anal\u00fdza v\u00fdsledkov"}]},{"@type":"WebSite","@id":"https:\/\/norsan.cz\/sk\/#website","url":"https:\/\/norsan.cz\/sk\/","name":"NORSAN CZ","description":"Specialista na omega-3","publisher":{"@id":"https:\/\/norsan.cz\/sk\/#organization"},"potentialAction":[{"@type":"SearchAction","target":{"@type":"EntryPoint","urlTemplate":"https:\/\/norsan.cz\/sk\/?s={search_term_string}"},"query-input":{"@type":"PropertyValueSpecification","valueRequired":true,"valueName":"search_term_string"}}],"inLanguage":"sk-SK"},{"@type":"Organization","@id":"https:\/\/norsan.cz\/sk\/#organization","name":"NORSAN \u010cesk\u00e1 republika","url":"https:\/\/norsan.cz\/sk\/","logo":{"@type":"ImageObject","inLanguage":"sk-SK","@id":"https:\/\/norsan.cz\/sk\/#\/schema\/logo\/image\/","url":"https:\/\/norsan.cz\/wp-content\/uploads\/2022\/04\/2-g-omega-3-dziennie-12.png","contentUrl":"https:\/\/norsan.cz\/wp-content\/uploads\/2022\/04\/2-g-omega-3-dziennie-12.png","width":500,"height":500,"caption":"NORSAN \u010cesk\u00e1 republika"},"image":{"@id":"https:\/\/norsan.cz\/sk\/#\/schema\/logo\/image\/"},"sameAs":["https:\/\/www.facebook.com\/norsan.cz\/"]}]}},"_links":{"self":[{"href":"https:\/\/norsan.cz\/sk\/wp-json\/wp\/v2\/pages\/289350","targetHints":{"allow":["GET"]}}],"collection":[{"href":"https:\/\/norsan.cz\/sk\/wp-json\/wp\/v2\/pages"}],"about":[{"href":"https:\/\/norsan.cz\/sk\/wp-json\/wp\/v2\/types\/page"}],"author":[{"embeddable":true,"href":"https:\/\/norsan.cz\/sk\/wp-json\/wp\/v2\/users\/649"}],"replies":[{"embeddable":true,"href":"https:\/\/norsan.cz\/sk\/wp-json\/wp\/v2\/comments?post=289350"}],"version-history":[{"count":7,"href":"https:\/\/norsan.cz\/sk\/wp-json\/wp\/v2\/pages\/289350\/revisions"}],"predecessor-version":[{"id":291962,"href":"https:\/\/norsan.cz\/sk\/wp-json\/wp\/v2\/pages\/289350\/revisions\/291962"}],"wp:attachment":[{"href":"https:\/\/norsan.cz\/sk\/wp-json\/wp\/v2\/media?parent=289350"}],"curies":[{"name":"wp","href":"https:\/\/api.w.org\/{rel}","templated":true}]}}