{"id":288709,"date":"2025-07-30T11:45:49","date_gmt":"2025-07-30T11:45:49","guid":{"rendered":"https:\/\/norsan.cz\/kosik\/"},"modified":"2025-08-05T11:11:20","modified_gmt":"2025-08-05T11:11:20","slug":"kosik","status":"publish","type":"page","link":"https:\/\/norsan.cz\/sk\/kosik\/","title":{"rendered":"Ko\u0161\u00edk"},"content":{"rendered":"\n<div data-block-name=\"woocommerce\/cart\" class=\"wp-block-woocommerce-cart alignwide is-loading\">\n<div data-block-name=\"woocommerce\/filled-cart-block\" class=\"wp-block-woocommerce-filled-cart-block\">\n<div data-block-name=\"woocommerce\/cart-items-block\" class=\"wp-block-woocommerce-cart-items-block\">\n<div data-block-name=\"woocommerce\/cart-line-items-block\" class=\"wp-block-woocommerce-cart-line-items-block\"><\/div>\n\n\n\n<div data-block-name=\"woocommerce\/cart-cross-sells-block\" class=\"wp-block-woocommerce-cart-cross-sells-block\">\n<h2 class=\"wp-block-heading has-large-font-size\">Mohlo by v\u00e1s zauj\u00edma\u0165\u2026<\/h2>\n\n\n\n<div data-block-name=\"woocommerce\/cart-cross-sells-products-block\" class=\"wp-block-woocommerce-cart-cross-sells-products-block\"><\/div>\n<\/div>\n<\/div>\n\n\n\n<div data-block-name=\"woocommerce\/cart-totals-block\" class=\"wp-block-woocommerce-cart-totals-block\">\n<div data-block-name=\"woocommerce\/cart-order-summary-block\" class=\"wp-block-woocommerce-cart-order-summary-block\">\n<div data-block-name=\"woocommerce\/cart-order-summary-heading-block\" class=\"wp-block-woocommerce-cart-order-summary-heading-block\"><\/div><div data-block-name=\"woocommerce\/cart-order-summary-coupon-form-block\" class=\"wp-block-woocommerce-cart-order-summary-coupon-form-block\"><\/div><div data-block-name=\"woocommerce\/cart-order-summary-totals-block\" class=\"wp-block-woocommerce-cart-order-summary-totals-block\">\n<div data-block-name=\"woocommerce\/cart-order-summary-subtotal-block\" class=\"wp-block-woocommerce-cart-order-summary-subtotal-block\"><\/div>\n<div data-block-name=\"woocommerce\/cart-order-summary-discount-block\" class=\"wp-block-woocommerce-cart-order-summary-discount-block\"><\/div>\n<div data-block-name=\"woocommerce\/cart-order-summary-fee-block\" class=\"wp-block-woocommerce-cart-order-summary-fee-block\"><\/div>\n<div data-block-name=\"woocommerce\/cart-order-summary-shipping-block\" class=\"wp-block-woocommerce-cart-order-summary-shipping-block\"><\/div>\n<div data-block-name=\"woocommerce\/cart-order-summary-taxes-block\" class=\"wp-block-woocommerce-cart-order-summary-taxes-block\"><\/div><\/div>\n<\/div>\n\n\n\n<div data-block-name=\"woocommerce\/cart-express-payment-block\" class=\"wp-block-woocommerce-cart-express-payment-block\"><\/div>\n\n\n\n<div data-block-name=\"woocommerce\/proceed-to-checkout-block\" class=\"wp-block-woocommerce-proceed-to-checkout-block\"><\/div>\n\n\n\n<div data-block-name=\"woocommerce\/cart-accepted-payment-methods-block\" class=\"wp-block-woocommerce-cart-accepted-payment-methods-block\"><\/div>\n<\/div>\n<\/div>\n\n\n\n<div data-block-name=\"woocommerce\/empty-cart-block\" class=\"wp-block-woocommerce-empty-cart-block\">\n<h2 class=\"wp-block-heading has-text-align-center with-empty-cart-icon wc-block-cart__empty-cart__title\">V\u00e1\u0161 ko\u0161\u00edk je moment\u00e1lne pr\u00e1zdny!<\/h2>\n\n\n\n<hr class=\"wp-block-separator has-alpha-channel-opacity is-style-dots\"\/>\n\n\n\n<h2 class=\"wp-block-heading has-text-align-center\">Novinky v obchode<\/h2>\n\n\n<div data-block-name=\"woocommerce\/product-new\" data-columns=\"4\" data-rows=\"1\" class=\"wc-block-grid wp-block-product-new wp-block-woocommerce-product-new wc-block-product-new has-4-columns\"><ul class=\"wc-block-grid__products\"><li class=\"wc-block-grid__product\"><span class=\"gtm4wp_productdata\" style=\"display:none; visibility:hidden;\" data-gtm4wp_product_data=\"{&quot;internal_id&quot;:292850,&quot;item_id&quot;:292850,&quot;item_name&quot;:&quot;Omega-3 Vegan Check-up Set&quot;,&quot;sku&quot;:&quot;7034-2-1&quot;,&quot;price&quot;:3168,&quot;stocklevel&quot;:null,&quot;stockstatus&quot;:&quot;instock&quot;,&quot;google_business_vertical&quot;:&quot;retail&quot;,&quot;item_category&quot;:&quot;Rich in EPA &amp; DHA&quot;,&quot;id&quot;:292850,&quot;productlink&quot;:&quot;https:\\\/\\\/norsan.cz\\\/sk\\\/produkt\\\/omega-3-vegan-checkup-set\\\/&quot;,&quot;item_list_name&quot;:&quot;General Product List&quot;,&quot;index&quot;:0,&quot;product_type&quot;:&quot;simple&quot;,&quot;item_brand&quot;:&quot;&quot;}\"><\/span>\n\t\t\t\t<a href=\"https:\/\/norsan.cz\/sk\/produkt\/omega-3-vegan-checkup-set\/\" class=\"wc-block-grid__product-link\">\n\t\t\t\t\t\n\t\t\t\t\t<div class=\"wc-block-grid__product-image\"><img loading=\"lazy\" decoding=\"async\" width=\"409\" height=\"473\" src=\"https:\/\/norsan.cz\/wp-content\/uploads\/2026\/01\/CZ-Produkty-1.png\" class=\"attachment-woocommerce_thumbnail size-woocommerce_thumbnail\" alt=\"Omega-3 Vegan Check-up Set\" srcset=\"https:\/\/norsan.cz\/wp-content\/uploads\/2026\/01\/CZ-Produkty-1.png 409w, https:\/\/norsan.cz\/wp-content\/uploads\/2026\/01\/CZ-Produkty-1-259x300.png 259w\" sizes=\"(max-width: 409px) 100vw, 409px\" \/><\/div>\n\t\t\t\t\t<div class=\"wc-block-grid__product-title\">Omega-3 Vegan Check-up Set<\/div>\n\t\t\t\t<\/a>\n\t\t\t\t<div class=\"wc-block-grid__product-price price\"><span class=\"woocommerce-Price-amount amount\"><bdi>3 168,00&nbsp;<span class=\"woocommerce-Price-currencySymbol\">&#075;&#269;<\/span><\/bdi><\/span><\/div>\n\t\t\t\t\n\t\t\t\t<div class=\"wp-block-button wc-block-grid__product-add-to-cart\"><a href=\"\/sk\/wp-json\/wp\/v2\/pages\/288709?add-to-cart=292850\" aria-label=\"Prida\u0165 do ko\u0161\u00edka: \u201eOmega-3 Vegan Check-up Set\u201c\" data-quantity=\"1\" data-product_id=\"292850\" data-product_sku=\"7034-2-1\" data-price=\"3168\" rel=\"nofollow\" class=\"wp-block-button__link  add_to_cart_button ajax_add_to_cart\">Prida\u0165 do ko\u0161\u00edka<\/a><\/div>\n\t\t\t<\/li><li class=\"wc-block-grid__product\"><span class=\"gtm4wp_productdata\" style=\"display:none; visibility:hidden;\" data-gtm4wp_product_data=\"{&quot;internal_id&quot;:292833,&quot;item_id&quot;:292833,&quot;item_name&quot;:&quot;Omega-3 Total Check-up Set&quot;,&quot;sku&quot;:&quot;1034-2-1&quot;,&quot;price&quot;:3052,&quot;stocklevel&quot;:null,&quot;stockstatus&quot;:&quot;instock&quot;,&quot;google_business_vertical&quot;:&quot;retail&quot;,&quot;item_category&quot;:&quot;Hannahs recommendations&quot;,&quot;id&quot;:292833,&quot;productlink&quot;:&quot;https:\\\/\\\/norsan.cz\\\/sk\\\/produkt\\\/omega-3-total-check-up-set\\\/&quot;,&quot;item_list_name&quot;:&quot;General Product List&quot;,&quot;index&quot;:0,&quot;product_type&quot;:&quot;variable&quot;,&quot;item_brand&quot;:&quot;&quot;}\"><\/span>\n\t\t\t\t<a href=\"https:\/\/norsan.cz\/sk\/produkt\/omega-3-total-check-up-set\/\" class=\"wc-block-grid__product-link\">\n\t\t\t\t\t\n\t\t\t\t\t<div class=\"wc-block-grid__product-image\"><img loading=\"lazy\" decoding=\"async\" width=\"409\" height=\"473\" src=\"https:\/\/norsan.cz\/wp-content\/uploads\/2026\/01\/CZ-Produkty-.png\" class=\"attachment-woocommerce_thumbnail size-woocommerce_thumbnail\" alt=\"Omega-3 Total Check-up Set\" srcset=\"https:\/\/norsan.cz\/wp-content\/uploads\/2026\/01\/CZ-Produkty-.png 409w, https:\/\/norsan.cz\/wp-content\/uploads\/2026\/01\/CZ-Produkty--259x300.png 259w\" sizes=\"(max-width: 409px) 100vw, 409px\" \/><\/div>\n\t\t\t\t\t<div class=\"wc-block-grid__product-title\">Omega-3 Total Check-up Set<\/div>\n\t\t\t\t<\/a>\n\t\t\t\t<div class=\"wc-block-grid__product-price price\"><span class=\"woocommerce-Price-amount amount\"><bdi>3 052,00&nbsp;<span class=\"woocommerce-Price-currencySymbol\">&#075;&#269;<\/span><\/bdi><\/span><\/div>\n\t\t\t\t\n\t\t\t\t<div class=\"wp-block-button wc-block-grid__product-add-to-cart\"><a href=\"https:\/\/norsan.cz\/sk\/produkt\/omega-3-total-check-up-set\/\" aria-label=\"V\u00fdber nastaven\u00ed pre &ldquo;Omega-3 Total Check-up Set&rdquo;\" data-quantity=\"1\" data-product_id=\"292833\" data-product_sku=\"1034-2-1\" data-price=\"3052\" rel=\"nofollow\" class=\"wp-block-button__link  add_to_cart_button\">V\u00fdber mo\u017enost\u00ed<\/a><\/div>\n\t\t\t<\/li><li class=\"wc-block-grid__product\"><span class=\"gtm4wp_productdata\" style=\"display:none; visibility:hidden;\" data-gtm4wp_product_data=\"{&quot;internal_id&quot;:288477,&quot;item_id&quot;:288477,&quot;item_name&quot;:&quot;Anal\\u00fdza mastn\\u00fdch kyselin&quot;,&quot;sku&quot;:288477,&quot;price&quot;:2556.95,&quot;stocklevel&quot;:null,&quot;stockstatus&quot;:&quot;instock&quot;,&quot;google_business_vertical&quot;:&quot;retail&quot;,&quot;item_category&quot;:&quot;OMEGA 3 - ANAL\\u00ddZA MASTN\\u00ddCH KYSELIN&quot;,&quot;id&quot;:288477,&quot;productlink&quot;:&quot;https:\\\/\\\/norsan.cz\\\/sk\\\/produkt\\\/analyza-mastnych-kyselin\\\/&quot;,&quot;item_list_name&quot;:&quot;General Product List&quot;,&quot;index&quot;:0,&quot;product_type&quot;:&quot;simple&quot;,&quot;item_brand&quot;:&quot;&quot;}\"><\/span>\n\t\t\t\t<a href=\"https:\/\/norsan.cz\/sk\/produkt\/analyza-mastnych-kyselin\/\" class=\"wc-block-grid__product-link\">\n\t\t\t\t\t\n\t\t\t\t\t<div class=\"wc-block-grid__product-image\"><img loading=\"lazy\" decoding=\"async\" width=\"500\" height=\"500\" src=\"https:\/\/norsan.cz\/wp-content\/uploads\/2025\/11\/Untitled-design-4-500x500.png\" class=\"attachment-woocommerce_thumbnail size-woocommerce_thumbnail\" alt=\"omega 3 analyza\" srcset=\"https:\/\/norsan.cz\/wp-content\/uploads\/2025\/11\/Untitled-design-4-500x500.png 500w, https:\/\/norsan.cz\/wp-content\/uploads\/2025\/11\/Untitled-design-4-480x480.png 480w\" sizes=\"(min-width: 0px) and (max-width: 480px) 480px, (min-width: 481px) 500px, 100vw\" \/><\/div>\n\t\t\t\t\t<div class=\"wc-block-grid__product-title\">Anal\u00fdza mastn\u00fdch kyselin<\/div>\n\t\t\t\t<\/a>\n\t\t\t\t<div class=\"wc-block-grid__product-price price\"><span class=\"woocommerce-Price-amount amount\"><bdi>2 556,95&nbsp;<span class=\"woocommerce-Price-currencySymbol\">&#075;&#269;<\/span><\/bdi><\/span><\/div>\n\t\t\t\t\n\t\t\t\t<div class=\"wp-block-button wc-block-grid__product-add-to-cart\"><a href=\"\/sk\/wp-json\/wp\/v2\/pages\/288709?add-to-cart=288477\" aria-label=\"Prida\u0165 do ko\u0161\u00edka: \u201eAnal\u00fdza mastn\u00fdch kyselin\u201c\" data-quantity=\"1\" data-product_id=\"288477\" data-product_sku=\"\" data-price=\"2556.95\" rel=\"nofollow\" class=\"wp-block-button__link  add_to_cart_button ajax_add_to_cart\">Prida\u0165 do ko\u0161\u00edka<\/a><\/div>\n\t\t\t<\/li><li class=\"wc-block-grid__product\"><span class=\"gtm4wp_productdata\" style=\"display:none; visibility:hidden;\" data-gtm4wp_product_data=\"{&quot;internal_id&quot;:291479,&quot;item_id&quot;:291479,&quot;item_name&quot;:&quot;Omega-3 Vegan Olej 3 balen\\u00ed&quot;,&quot;sku&quot;:&quot;7034-2&quot;,&quot;price&quot;:2004,&quot;stocklevel&quot;:null,&quot;stockstatus&quot;:&quot;instock&quot;,&quot;google_business_vertical&quot;:&quot;retail&quot;,&quot;item_category&quot;:&quot;Rich in EPA &amp; DHA&quot;,&quot;id&quot;:291479,&quot;productlink&quot;:&quot;https:\\\/\\\/norsan.cz\\\/sk\\\/produkt\\\/omega-3-vegan-olej-3baleni\\\/&quot;,&quot;item_list_name&quot;:&quot;General Product List&quot;,&quot;index&quot;:0,&quot;product_type&quot;:&quot;simple&quot;,&quot;item_brand&quot;:&quot;&quot;}\"><\/span>\n\t\t\t\t<a href=\"https:\/\/norsan.cz\/sk\/produkt\/omega-3-vegan-olej-3baleni\/\" class=\"wc-block-grid__product-link\">\n\t\t\t\t\t\n\t\t\t\t\t<div class=\"wc-block-grid__product-image\"><img loading=\"lazy\" decoding=\"async\" width=\"390\" height=\"500\" src=\"https:\/\/norsan.cz\/wp-content\/uploads\/2025\/11\/CZ-Web-vegan-oil-2-390x500.png\" class=\"attachment-woocommerce_thumbnail size-woocommerce_thumbnail\" alt=\"Omega-3 Vegan Olej 3 balen\u00ed\" \/><\/div>\n\t\t\t\t\t<div class=\"wc-block-grid__product-title\">Omega-3 Vegan Olej 3 balen\u00ed<\/div>\n\t\t\t\t<\/a>\n\t\t\t\t<div class=\"wc-block-grid__product-price price\"><span class=\"woocommerce-Price-amount amount\"><bdi>2 004,00&nbsp;<span class=\"woocommerce-Price-currencySymbol\">&#075;&#269;<\/span><\/bdi><\/span><\/div>\n\t\t\t\t\n\t\t\t\t<div class=\"wp-block-button wc-block-grid__product-add-to-cart\"><a href=\"\/sk\/wp-json\/wp\/v2\/pages\/288709?add-to-cart=291479\" aria-label=\"Prida\u0165 do ko\u0161\u00edka: \u201eOmega-3 Vegan Olej 3 balen\u00ed\u201c\" data-quantity=\"1\" data-product_id=\"291479\" data-product_sku=\"7034-2\" data-price=\"2004\" rel=\"nofollow\" class=\"wp-block-button__link  add_to_cart_button ajax_add_to_cart\">Prida\u0165 do ko\u0161\u00edka<\/a><\/div>\n\t\t\t<\/li><\/ul><\/div><\/div>\n<\/div>\n","protected":false},"excerpt":{"rendered":"<p>Mohlo by v\u00e1s zauj\u00edma\u0165\u2026 V\u00e1\u0161 ko\u0161\u00edk je moment\u00e1lne pr\u00e1zdny! Novinky v obchode<\/p>\n","protected":false},"author":1,"featured_media":0,"parent":0,"menu_order":0,"comment_status":"closed","ping_status":"closed","template":"","meta":{"_acf_changed":false,"_et_pb_use_builder":"on","_et_pb_old_content":"","_et_gb_content_width":"","footnotes":""},"class_list":["post-288709","page","type-page","status-publish","hentry"],"acf":[],"yoast_head":"<!-- This site is optimized with the Yoast SEO plugin v27.3 - https:\/\/yoast.com\/product\/yoast-seo-wordpress\/ -->\n<title>Ko\u0161\u00edk - NORSAN \u010cesk\u00e1 republika<\/title>\n<meta name=\"robots\" content=\"index, follow, max-snippet:-1, max-image-preview:large, max-video-preview:-1\" \/>\n<link rel=\"canonical\" href=\"https:\/\/norsan.cz\/sk\/kosik\/\" \/>\n<meta property=\"og:locale\" content=\"sk_SK\" \/>\n<meta property=\"og:type\" content=\"article\" \/>\n<meta property=\"og:title\" content=\"Ko\u0161\u00edk - NORSAN \u010cesk\u00e1 republika\" \/>\n<meta property=\"og:description\" content=\"Mohlo by v\u00e1s zauj\u00edma\u0165\u2026 V\u00e1\u0161 ko\u0161\u00edk je moment\u00e1lne pr\u00e1zdny! Novinky v obchode\" \/>\n<meta property=\"og:url\" content=\"https:\/\/norsan.cz\/sk\/kosik\/\" \/>\n<meta property=\"og:site_name\" content=\"NORSAN \u010cesk\u00e1 republika\" \/>\n<meta property=\"article:publisher\" content=\"https:\/\/www.facebook.com\/norsan.cz\/\" \/>\n<meta property=\"article:modified_time\" content=\"2025-08-05T11:11:20+00:00\" \/>\n<meta name=\"twitter:card\" content=\"summary_large_image\" \/>\n<script type=\"application\/ld+json\" class=\"yoast-schema-graph\">{\"@context\":\"https:\\\/\\\/schema.org\",\"@graph\":[{\"@type\":\"WebPage\",\"@id\":\"https:\\\/\\\/norsan.cz\\\/sk\\\/kosik\\\/\",\"url\":\"https:\\\/\\\/norsan.cz\\\/sk\\\/kosik\\\/\",\"name\":\"Ko\u0161\u00edk - NORSAN \u010cesk\u00e1 republika\",\"isPartOf\":{\"@id\":\"https:\\\/\\\/norsan.cz\\\/sk\\\/#website\"},\"datePublished\":\"2025-07-30T11:45:49+00:00\",\"dateModified\":\"2025-08-05T11:11:20+00:00\",\"breadcrumb\":{\"@id\":\"https:\\\/\\\/norsan.cz\\\/sk\\\/kosik\\\/#breadcrumb\"},\"inLanguage\":\"sk-SK\",\"potentialAction\":[{\"@type\":\"ReadAction\",\"target\":[\"https:\\\/\\\/norsan.cz\\\/sk\\\/kosik\\\/\"]}]},{\"@type\":\"BreadcrumbList\",\"@id\":\"https:\\\/\\\/norsan.cz\\\/sk\\\/kosik\\\/#breadcrumb\",\"itemListElement\":[{\"@type\":\"ListItem\",\"position\":1,\"name\":\"Home\",\"item\":\"https:\\\/\\\/norsan.cz\\\/sk\\\/no-1-omega-3-brand\\\/\"},{\"@type\":\"ListItem\",\"position\":2,\"name\":\"Ko\u0161\u00edk\"}]},{\"@type\":\"WebSite\",\"@id\":\"https:\\\/\\\/norsan.cz\\\/sk\\\/#website\",\"url\":\"https:\\\/\\\/norsan.cz\\\/sk\\\/\",\"name\":\"NORSAN CZ\",\"description\":\"Specialista na omega-3\",\"publisher\":{\"@id\":\"https:\\\/\\\/norsan.cz\\\/sk\\\/#organization\"},\"potentialAction\":[{\"@type\":\"SearchAction\",\"target\":{\"@type\":\"EntryPoint\",\"urlTemplate\":\"https:\\\/\\\/norsan.cz\\\/sk\\\/?s={search_term_string}\"},\"query-input\":{\"@type\":\"PropertyValueSpecification\",\"valueRequired\":true,\"valueName\":\"search_term_string\"}}],\"inLanguage\":\"sk-SK\"},{\"@type\":\"Organization\",\"@id\":\"https:\\\/\\\/norsan.cz\\\/sk\\\/#organization\",\"name\":\"NORSAN \u010cesk\u00e1 republika\",\"url\":\"https:\\\/\\\/norsan.cz\\\/sk\\\/\",\"logo\":{\"@type\":\"ImageObject\",\"inLanguage\":\"sk-SK\",\"@id\":\"https:\\\/\\\/norsan.cz\\\/sk\\\/#\\\/schema\\\/logo\\\/image\\\/\",\"url\":\"https:\\\/\\\/norsan.cz\\\/wp-content\\\/uploads\\\/2022\\\/04\\\/2-g-omega-3-dziennie-12.png\",\"contentUrl\":\"https:\\\/\\\/norsan.cz\\\/wp-content\\\/uploads\\\/2022\\\/04\\\/2-g-omega-3-dziennie-12.png\",\"width\":500,\"height\":500,\"caption\":\"NORSAN \u010cesk\u00e1 republika\"},\"image\":{\"@id\":\"https:\\\/\\\/norsan.cz\\\/sk\\\/#\\\/schema\\\/logo\\\/image\\\/\"},\"sameAs\":[\"https:\\\/\\\/www.facebook.com\\\/norsan.cz\\\/\"]}]}<\/script>\n<!-- \/ Yoast SEO plugin. -->","yoast_head_json":{"title":"Ko\u0161\u00edk - NORSAN \u010cesk\u00e1 republika","robots":{"index":"index","follow":"follow","max-snippet":"max-snippet:-1","max-image-preview":"max-image-preview:large","max-video-preview":"max-video-preview:-1"},"canonical":"https:\/\/norsan.cz\/sk\/kosik\/","og_locale":"sk_SK","og_type":"article","og_title":"Ko\u0161\u00edk - NORSAN \u010cesk\u00e1 republika","og_description":"Mohlo by v\u00e1s zauj\u00edma\u0165\u2026 V\u00e1\u0161 ko\u0161\u00edk je moment\u00e1lne pr\u00e1zdny! Novinky v obchode","og_url":"https:\/\/norsan.cz\/sk\/kosik\/","og_site_name":"NORSAN \u010cesk\u00e1 republika","article_publisher":"https:\/\/www.facebook.com\/norsan.cz\/","article_modified_time":"2025-08-05T11:11:20+00:00","twitter_card":"summary_large_image","schema":{"@context":"https:\/\/schema.org","@graph":[{"@type":"WebPage","@id":"https:\/\/norsan.cz\/sk\/kosik\/","url":"https:\/\/norsan.cz\/sk\/kosik\/","name":"Ko\u0161\u00edk - NORSAN \u010cesk\u00e1 republika","isPartOf":{"@id":"https:\/\/norsan.cz\/sk\/#website"},"datePublished":"2025-07-30T11:45:49+00:00","dateModified":"2025-08-05T11:11:20+00:00","breadcrumb":{"@id":"https:\/\/norsan.cz\/sk\/kosik\/#breadcrumb"},"inLanguage":"sk-SK","potentialAction":[{"@type":"ReadAction","target":["https:\/\/norsan.cz\/sk\/kosik\/"]}]},{"@type":"BreadcrumbList","@id":"https:\/\/norsan.cz\/sk\/kosik\/#breadcrumb","itemListElement":[{"@type":"ListItem","position":1,"name":"Home","item":"https:\/\/norsan.cz\/sk\/no-1-omega-3-brand\/"},{"@type":"ListItem","position":2,"name":"Ko\u0161\u00edk"}]},{"@type":"WebSite","@id":"https:\/\/norsan.cz\/sk\/#website","url":"https:\/\/norsan.cz\/sk\/","name":"NORSAN CZ","description":"Specialista na omega-3","publisher":{"@id":"https:\/\/norsan.cz\/sk\/#organization"},"potentialAction":[{"@type":"SearchAction","target":{"@type":"EntryPoint","urlTemplate":"https:\/\/norsan.cz\/sk\/?s={search_term_string}"},"query-input":{"@type":"PropertyValueSpecification","valueRequired":true,"valueName":"search_term_string"}}],"inLanguage":"sk-SK"},{"@type":"Organization","@id":"https:\/\/norsan.cz\/sk\/#organization","name":"NORSAN \u010cesk\u00e1 republika","url":"https:\/\/norsan.cz\/sk\/","logo":{"@type":"ImageObject","inLanguage":"sk-SK","@id":"https:\/\/norsan.cz\/sk\/#\/schema\/logo\/image\/","url":"https:\/\/norsan.cz\/wp-content\/uploads\/2022\/04\/2-g-omega-3-dziennie-12.png","contentUrl":"https:\/\/norsan.cz\/wp-content\/uploads\/2022\/04\/2-g-omega-3-dziennie-12.png","width":500,"height":500,"caption":"NORSAN \u010cesk\u00e1 republika"},"image":{"@id":"https:\/\/norsan.cz\/sk\/#\/schema\/logo\/image\/"},"sameAs":["https:\/\/www.facebook.com\/norsan.cz\/"]}]}},"_links":{"self":[{"href":"https:\/\/norsan.cz\/sk\/wp-json\/wp\/v2\/pages\/288709","targetHints":{"allow":["GET"]}}],"collection":[{"href":"https:\/\/norsan.cz\/sk\/wp-json\/wp\/v2\/pages"}],"about":[{"href":"https:\/\/norsan.cz\/sk\/wp-json\/wp\/v2\/types\/page"}],"author":[{"embeddable":true,"href":"https:\/\/norsan.cz\/sk\/wp-json\/wp\/v2\/users\/1"}],"replies":[{"embeddable":true,"href":"https:\/\/norsan.cz\/sk\/wp-json\/wp\/v2\/comments?post=288709"}],"version-history":[{"count":2,"href":"https:\/\/norsan.cz\/sk\/wp-json\/wp\/v2\/pages\/288709\/revisions"}],"predecessor-version":[{"id":289356,"href":"https:\/\/norsan.cz\/sk\/wp-json\/wp\/v2\/pages\/288709\/revisions\/289356"}],"wp:attachment":[{"href":"https:\/\/norsan.cz\/sk\/wp-json\/wp\/v2\/media?parent=288709"}],"curies":[{"name":"wp","href":"https:\/\/api.w.org\/{rel}","templated":true}]}}